{"id":323899,"date":"2026-03-16T10:19:23","date_gmt":"2026-03-16T09:19:23","guid":{"rendered":"https:\/\/digalco.com\/tienda\/hp-elitebook-840-g8-14-recondicionado-core-i7-28ghz-32-gb-ram-512-gb-ssd-m2-1920x1080-pt-14801\/"},"modified":"2026-03-30T15:37:45","modified_gmt":"2026-03-30T13:37:45","slug":"hp-elitebook-840-g8-14-recondicionado-core-i7-28ghz-32-gb-ram-512-gb-ssd-m2-1920x1080-pt-14801","status":"publish","type":"product","link":"https:\/\/digalco.com\/pt-pt\/produto\/hp-elitebook-840-g8-14-recondicionado-core-i7-28ghz-32-gb-ram-512-gb-ssd-m2-1920x1080-pt-14801\/","title":{"rendered":"HP EliteBook 840 G8 14&#8221; | Recondicionado | Core i7 2.8GHz | 32 GB RAM | 512 GB SSD M2 1920&#215;1080"},"content":{"rendered":"<p><strong>Processador<\/strong><br \/>Intel Core i7 1165G7 2.8 GHz.<br \/><strong>Mem\u00f3ria RAM<\/strong><br \/>32 Gb. SO-DDR4 RAM<br \/><strong>Disco r\u00edgido<\/strong><br \/>512 Gb. SSD M2<br \/><strong>Cart\u00f5es<\/strong><br \/>Placa gr\u00e1fica: Iris Xe Graphics<br \/>Som: Bang y Olufsen audio<br \/><strong>Sistema operativo<\/strong><br \/>Windows 11 Pro<br \/><strong>Portos<\/strong><br \/>2x USB-C<br \/>2x USB 3.1<br \/><strong>Tela<\/strong><br \/>IPS 14 &#8221; FullHD 16:9  \u00b7 Resolu\u00e7\u00e3o 1920&#215;1080<br \/><strong>Portas de v\u00eddeo<\/strong><br \/>HDMI<br \/><strong>Multim\u00eddia<\/strong><br \/>Webcam<br \/>Leitor impress\u00f5es digitais<br \/>Leitor DNI<br \/><strong>Conectividade<\/strong><br \/>WIFI<br \/>Bluetooth<br \/><strong>Espec\u00edfico laptop<\/strong><br \/>Layout do teclado Internacional (adesivos espanhol)<br \/><strong>Outros<\/strong><br \/>hR embalagens<br \/><strong>Dimens\u00f5es<\/strong><br \/>32x21x2 cm.<br \/><strong>Peso<\/strong><br \/>1.33 Kg.<br \/><strong>Especifica\u00e7\u00f5es adicionais<\/strong><br \/>O HP EliteBook 840 G8 com processador Intel Core i7 1165G7 de 2.8 GHz representa a fus\u00e3o perfeita entre pot\u00eancia, leveza e sofistica\u00e7\u00e3o. Concebido para profissionais exigentes, oferece uma experi\u00eancia fluida em multitarefa avan\u00e7ada, videoconfer\u00eancias ou trabalhos de edi\u00e7\u00e3o leve, gra\u00e7as aos seus 32 GB de mem\u00f3ria RAM e ao seu r\u00e1pido SSD M.2 de 512 GB, que garantem arranque instant\u00e2neo e gest\u00e3o eficiente dos seus projetos mais exigentes.<br \/>O seu ecr\u00e3 IPS de 14 polegadas FullHD oferece uma visualiza\u00e7\u00e3o n\u00edtida e realista, ideal tanto para o trabalho como para o entretenimento. Al\u00e9m disso, o chassis de alum\u00ednio ultrafino acrescenta um toque premium e grande resist\u00eancia para o uso di\u00e1rio.<br \/>Incorpora leitor de impress\u00f5es digitais, leitor de cart\u00e3o de cidad\u00e3o eletr\u00f3nico e webcam integrada, oferecendo uma combina\u00e7\u00e3o perfeita de seguran\u00e7a, conectividade e conforto. Com Windows 11 Pro, desfrutar\u00e1 de um ambiente moderno, \u00e1gil e otimizado para a produtividade profissional.<br \/>O EliteBook 840 G8 \u00e9 a op\u00e7\u00e3o ideal para quem procura um port\u00e1til fi\u00e1vel, potente e com um design de alto n\u00edvel, preparado para enfrentar com confian\u00e7a as exig\u00eancias do atual ambiente empresarial.<br \/>Bom aspecto exterior. Veja &#8220;+ Fotos&#8221; e &#8220;V\u00eddeo&#8221; e se tiver alguma d\u00favida contacte-nos ou utilize o nosso chat para mais informa\u00e7\u00f5es ou para pedir mais detalhes.<\/p>\n","protected":false},"excerpt":{"rendered":"<p>Intel Core i7 1165G7 2.8 GHz. \u00b7 32 Gb. SO-DDR4 RAM \u00b7 512 Gb. SSD M2 \u00b7 <strong>Windows 11 Pro<\/strong> \u00b7 IPS 14 &#8221; FullHD 16:9 \u00b7 Webcam \u00b7<u>Teclado internacional com stickers em Portugu\u00eas<\/u> [&#8230;]<\/p>\n<p><a class=\"btn btn-secondary understrap-read-more-link\" href=\"https:\/\/digalco.com\/pt-pt\/produto\/hp-elitebook-840-g8-14-recondicionado-core-i7-28ghz-32-gb-ram-512-gb-ssd-m2-1920x1080-pt-14801\/\">Continuar a ler&#8230;<span class=\"screen-reader-text\"> from HP EliteBook 840 G8 14&#8221; | Recondicionado | Core i7 2.8GHz | 32 GB RAM | 512 GB SSD M2 1920&#215;1080<\/span><\/a><\/p>\n","protected":false},"featured_media":323873,"template":"","meta":[],"product_brand":[3854],"product_cat":[3759,1515],"product_tag":[],"class_list":{"0":"post-323899","1":"product","2":"type-product","3":"status-publish","4":"has-post-thumbnail","6":"product_brand-hp","7":"product_cat-laptops-14-pt","8":"product_cat-laptops-pt","10":"first","11":"instock","12":"taxable","13":"shipping-taxable","14":"purchasable","15":"product-type-simple"},"bundled_by":[],"bundle_stock_status":"instock","bundle_stock_quantity":29,"bundle_virtual":false,"bundle_layout":"","bundle_add_to_cart_form_location":"","bundle_editable_in_cart":false,"bundle_sold_individually_context":"","bundle_item_grouping":"","bundle_min_size":"","bundle_max_size":"","bundle_price":[],"bundled_items":[],"bundle_sell_ids":[],"exclude_global_add_ons":true,"addons":{"keyboard-iso-upgrades":{"name":"Selecione idioma teclado","type":"multiple_choice","position":0,"required":false,"title_format":"heading","default":"","description_enable":false,"description":"","placeholder_enable":false,"placeholder":"","display":"radiobutton","restrictions_type":"any_text","adjust_price":false,"price":"","price_type":"quantity_based","restrictions":false,"min":"0","max":"0","options":[{"label":"Pegatinas Espanhol [AMP00082]","price":"0.0000","price_type":"quantity_based","image":0,"visibility":true},{"label":"Pegatinas Franc\u00e9s [AMP00084]","price":"0.0000","price_type":"quantity_based","image":0,"visibility":true},{"label":"Pegatinas Portugues [AMP00083]","price":"0.0000","price_type":"quantity_based","image":0,"visibility":true}]},"ram-memory-upgrades":{"name":"Extens\u00e3o RAM","type":"multiple_choice","position":0,"required":false,"title_format":"heading","default":"","description_enable":false,"description":"","placeholder_enable":false,"placeholder":"","display":"radiobutton","restrictions_type":"any_text","adjust_price":false,"price":"","price_type":"quantity_based","restrictions":false,"min":"0","max":"0","options":[{"label":"Extens\u00e3o RAM DDR4 64 Gb [AMP00119]","price":"230.0000","price_type":"quantity_based","image":0,"visibility":true}]},"hdd-upgrades":{"name":"Extens\u00e3o disco r\u00edgido","type":"multiple_choice","position":0,"required":false,"title_format":"heading","default":"","description_enable":false,"description":"","placeholder_enable":false,"placeholder":"","display":"radiobutton","restrictions_type":"any_text","adjust_price":false,"price":"","price_type":"quantity_based","restrictions":false,"min":"0","max":"0","options":[{"label":"Cambio a Disco SSD 1 Tb. M.2 2280 PCIe [AMP00107]","price":"165.0000","price_type":"quantity_based","image":0,"visibility":true}]},"os-upgrades":{"name":"Extens\u00e3o OS","type":"multiple_choice","position":0,"required":false,"title_format":"heading","default":"","description_enable":false,"description":"","placeholder_enable":false,"placeholder":"","display":"radiobutton","restrictions_type":"any_text","adjust_price":false,"price":"","price_type":"quantity_based","restrictions":false,"min":"0","max":"0","options":[{"label":"Alterar idioma para franc\u00eas [AMP00125]","price":"0.0000","price_type":"quantity_based","image":0,"visibility":true},{"label":"Alterar idioma para ingl\u00eas [AMP00008]","price":"0.0000","price_type":"quantity_based","image":0,"visibility":true},{"label":"Alterar idioma para o portugu\u00eas [AMP00009]","price":"0.0000","price_type":"quantity_based","image":0,"visibility":true}]},"briefcase-upgrades":{"name":"Maleta","type":"multiple_choice","position":0,"required":false,"title_format":"heading","default":"","description_enable":false,"description":"","placeholder_enable":false,"placeholder":"","display":"radiobutton","restrictions_type":"any_text","adjust_price":false,"price":"","price_type":"quantity_based","restrictions":false,"min":"0","max":"0","options":[{"label":"Maleta Port\u00e1til [AMP00041]","price":"5.0000","price_type":"quantity_based","image":0,"visibility":true}]}},"df_price":458,"df_sale_price":"","df_regular_price":458,"df_image_link":"https:\/\/digalco.com\/wp-content\/uploads\/images\/product\/14801\/hp03289_01-300x225.jpg","_links":{"self":[{"href":"https:\/\/digalco.com\/pt-pt\/wp-json\/wp\/v2\/product\/323899","targetHints":{"allow":["GET"]}}],"collection":[{"href":"https:\/\/digalco.com\/pt-pt\/wp-json\/wp\/v2\/product"}],"about":[{"href":"https:\/\/digalco.com\/pt-pt\/wp-json\/wp\/v2\/types\/product"}],"wp:featuredmedia":[{"embeddable":true,"href":"https:\/\/digalco.com\/pt-pt\/wp-json\/wp\/v2\/media\/323873"}],"wp:attachment":[{"href":"https:\/\/digalco.com\/pt-pt\/wp-json\/wp\/v2\/media?parent=323899"}],"wp:term":[{"taxonomy":"product_brand","embeddable":true,"href":"https:\/\/digalco.com\/pt-pt\/wp-json\/wp\/v2\/product_brand?post=323899"},{"taxonomy":"product_cat","embeddable":true,"href":"https:\/\/digalco.com\/pt-pt\/wp-json\/wp\/v2\/product_cat?post=323899"},{"taxonomy":"product_tag","embeddable":true,"href":"https:\/\/digalco.com\/pt-pt\/wp-json\/wp\/v2\/product_tag?post=323899"}],"curies":[{"name":"wp","href":"https:\/\/api.w.org\/{rel}","templated":true}]}}