{"id":331366,"date":"2026-03-31T17:50:37","date_gmt":"2026-03-31T15:50:37","guid":{"rendered":"https:\/\/digalco.com\/tienda\/microsoft-surface-go-1825-10-recondicionado-pentium-16ghz-8-gb-ram-128-gb-ssd-m2-1800x1200-pt-9066\/"},"modified":"2026-03-31T17:50:48","modified_gmt":"2026-03-31T15:50:48","slug":"microsoft-surface-go-1825-10-recondicionado-pentium-16ghz-8-gb-ram-128-gb-ssd-m2-1800x1200-pt-9066","status":"publish","type":"product","link":"https:\/\/digalco.com\/pt-pt\/produto\/microsoft-surface-go-1825-10-recondicionado-pentium-16ghz-8-gb-ram-128-gb-ssd-m2-1800x1200-pt-9066\/","title":{"rendered":"Microsoft Surface Go 1825 10&#8221; | Recondicionado | Pentium 1.6GHz | 8 GB RAM | 128 GB SSD M2 1800&#215;1200"},"content":{"rendered":"<p><strong>Processador<\/strong><br \/>Intel Pentium 4415Y 1.6 GHz.<br \/><strong>Mem\u00f3ria RAM<\/strong><br \/>8 Gb. SO-DDR3 RAM<br \/><strong>Disco r\u00edgido<\/strong><br \/>128 Gb. SSD M2<br \/><strong>Cart\u00f5es<\/strong><br \/>Placa gr\u00e1fica: Intel HD Graphics 615<br \/>Som: Realtek HDA<br \/><strong>Sistema operativo<\/strong><br \/>Windows 10 Pro<br \/><strong>Portos<\/strong><br \/>USB-C<br \/><strong>Tela<\/strong><br \/>T\u00e1til 10 &#8221; FullHD 16:10 \u00b7 Resolu\u00e7\u00e3o 1800&#215;1200<br \/><strong>Multim\u00eddia<\/strong><br \/>C\u00e2mera traseira<br \/>C\u00e2mera frontal<br \/><strong>Conectividade<\/strong><br \/>WIFI<br \/>Bluetooth<br \/><strong>Outros<\/strong><br \/>hR embalagens<br \/><strong>Dimens\u00f5es<\/strong><br \/>24.5&#215;17.5&#215;1 cm.<br \/><strong>Peso<\/strong><br \/>0.50 Kg.<br \/><strong>Especifica\u00e7\u00f5es adicionais<\/strong><br \/>O Microsoft Surface Go 1825 \u00e9 o tablet ideal para quem procura m\u00e1xima portabilidade sem abrir m\u00e3o de um ambiente de trabalho completo. Seu design leve e elegante permite lev\u00e1-lo a qualquer lugar, desde reuni\u00f5es e viagens at\u00e9 espa\u00e7os de estudo ou trabalho flex\u00edvel, oferecendo mobilidade real sem comprometer a produtividade.Equipado com um processador Intel Pentium 4415Y, 8 GB de RAM e um SSD M.2 de 128 GB, garante desempenho fluido em tarefas do dia a dia, como navega\u00e7\u00e3o, e-mail, documentos e aplica\u00e7\u00f5es de escrit\u00f3rio. Sua tela sens\u00edvel ao toque de 10 polegadas Full HD com formato 16:10 combina nitidez, cores equilibradas e alta sensibilidade ao toque, ideal para interagir com aplica\u00e7\u00f5es, fazer anota\u00e7\u00f5es ou desfrutar de conte\u00fado multim\u00eddia. O Windows 10 Pro oferece um ambiente seguro e profissional, pronto para qualquer exig\u00eancia de trabalho.O Surface Go 1825 destaca-se pela versatilidade: use-o como tablet para m\u00e1xima mobilidade ou adicione teclado e caneta para transform\u00e1-lo em um dispositivo completo. Compacto, \u00e1gil e com design premium, este tablet \u00e9 a escolha perfeita para quem precisa de produtividade, estilo e efici\u00eancia em um \u00fanico dispositivo.Boa apar\u00eancia externa. Veja em \u201c+ Fotos\u201d e se tiver alguma d\u00favida, ligue para n\u00f3s ou use nosso chat para obter mais informa\u00e7\u00f5es ou solicitar mais detalhes.<\/p>\n","protected":false},"excerpt":{"rendered":"<p>Intel Pentium 4415Y 1.6 GHz. \u00b7 8 Gb. SO-DDR3 RAM \u00b7 128 Gb. SSD M2 \u00b7 Windows 10 Pro \u00b7 T\u00e1til 10 &#8221; FullHD 16:10 \u00b7<u>Teclado internacional com stickers em Portugu\u00eas<\/u> [&#8230;]<\/p>\n<p><a class=\"btn btn-secondary understrap-read-more-link\" href=\"https:\/\/digalco.com\/pt-pt\/produto\/microsoft-surface-go-1825-10-recondicionado-pentium-16ghz-8-gb-ram-128-gb-ssd-m2-1800x1200-pt-9066\/\">Continuar a ler&#8230;<span class=\"screen-reader-text\"> from Microsoft Surface Go 1825 10&#8221; | Recondicionado | Pentium 1.6GHz | 8 GB RAM | 128 GB SSD M2 1800&#215;1200<\/span><\/a><\/p>\n","protected":false},"featured_media":331325,"template":"","meta":[],"product_brand":[3860],"product_cat":[3749,1579],"product_tag":[],"class_list":{"0":"post-331366","1":"product","2":"type-product","3":"status-publish","4":"has-post-thumbnail","6":"product_brand-microsoft","7":"product_cat-tablets-surface-pt","8":"product_cat-tablets-pt","10":"first","11":"instock","12":"taxable","13":"shipping-taxable","14":"purchasable","15":"product-type-simple"},"bundled_by":[],"bundle_stock_status":"instock","bundle_stock_quantity":9,"bundle_virtual":false,"bundle_layout":"","bundle_add_to_cart_form_location":"","bundle_editable_in_cart":false,"bundle_sold_individually_context":"","bundle_item_grouping":"","bundle_min_size":"","bundle_max_size":"","bundle_price":[],"bundled_items":[],"bundle_sell_ids":[],"exclude_global_add_ons":true,"addons":{"keyboard-iso-upgrades":{"name":"Selecione idioma teclado","type":"multiple_choice","position":0,"required":false,"title_format":"heading","default":"","description_enable":false,"description":"","placeholder_enable":false,"placeholder":"","display":"radiobutton","restrictions_type":"any_text","adjust_price":false,"price":"","price_type":"quantity_based","restrictions":false,"min":"0","max":"0","options":[{"label":"Pegatinas Espanhol [AMP00082]","price":"0.0000","price_type":"quantity_based","image":0,"visibility":true},{"label":"Pegatinas Franc\u00e9s [AMP00084]","price":"0.0000","price_type":"quantity_based","image":0,"visibility":true},{"label":"Pegatinas Portugues [AMP00083]","price":"0.0000","price_type":"quantity_based","image":0,"visibility":true}]},"docking-station-upgrades":{"name":"Extens\u00e3o Docking Station","type":"multiple_choice","position":0,"required":false,"title_format":"heading","default":"","description_enable":false,"description":"","placeholder_enable":false,"placeholder":"","display":"radiobutton","restrictions_type":"any_text","adjust_price":false,"price":"","price_type":"quantity_based","restrictions":false,"min":"0","max":"0","options":[{"label":"Microsoft Surface Docking Station 1661 [AMP00061]","price":"45.0000","price_type":"quantity_based","image":0,"visibility":true}]},"pencil-upgrades":{"name":"Extens\u00e3o L\u00e1pis","type":"multiple_choice","position":0,"required":false,"title_format":"heading","default":"","description_enable":false,"description":"","placeholder_enable":false,"placeholder":"","display":"radiobutton","restrictions_type":"any_text","adjust_price":false,"price":"","price_type":"quantity_based","restrictions":false,"min":"0","max":"0","options":[{"label":"Caneta Original Microsoft Surface [AMP00087]","price":"50.0000","price_type":"quantity_based","image":0,"visibility":true}]},"os-upgrades":{"name":"Extens\u00e3o OS","type":"multiple_choice","position":0,"required":false,"title_format":"heading","default":"","description_enable":false,"description":"","placeholder_enable":false,"placeholder":"","display":"radiobutton","restrictions_type":"any_text","adjust_price":false,"price":"","price_type":"quantity_based","restrictions":false,"min":"0","max":"0","options":[{"label":"Alterar idioma para franc\u00eas [AMP00125]","price":"0.0000","price_type":"quantity_based","image":0,"visibility":true},{"label":"Alterar idioma para ingl\u00eas [AMP00008]","price":"0.0000","price_type":"quantity_based","image":0,"visibility":true},{"label":"Alterar idioma para o portugu\u00eas [AMP00009]","price":"0.0000","price_type":"quantity_based","image":0,"visibility":true}]}},"df_price":186,"df_sale_price":"","df_regular_price":186,"df_image_link":"https:\/\/digalco.com\/wp-content\/uploads\/images\/product\/9066\/ms00056_01-300x225.jpg","_links":{"self":[{"href":"https:\/\/digalco.com\/pt-pt\/wp-json\/wp\/v2\/product\/331366","targetHints":{"allow":["GET"]}}],"collection":[{"href":"https:\/\/digalco.com\/pt-pt\/wp-json\/wp\/v2\/product"}],"about":[{"href":"https:\/\/digalco.com\/pt-pt\/wp-json\/wp\/v2\/types\/product"}],"wp:featuredmedia":[{"embeddable":true,"href":"https:\/\/digalco.com\/pt-pt\/wp-json\/wp\/v2\/media\/331325"}],"wp:attachment":[{"href":"https:\/\/digalco.com\/pt-pt\/wp-json\/wp\/v2\/media?parent=331366"}],"wp:term":[{"taxonomy":"product_brand","embeddable":true,"href":"https:\/\/digalco.com\/pt-pt\/wp-json\/wp\/v2\/product_brand?post=331366"},{"taxonomy":"product_cat","embeddable":true,"href":"https:\/\/digalco.com\/pt-pt\/wp-json\/wp\/v2\/product_cat?post=331366"},{"taxonomy":"product_tag","embeddable":true,"href":"https:\/\/digalco.com\/pt-pt\/wp-json\/wp\/v2\/product_tag?post=331366"}],"curies":[{"name":"wp","href":"https:\/\/api.w.org\/{rel}","templated":true}]}}