{"id":331939,"date":"2026-04-01T10:12:32","date_gmt":"2026-04-01T08:12:32","guid":{"rendered":"https:\/\/digalco.com\/tienda\/microsoft-surface-go-2-105-recondicionado-core-m-11ghz-8-gb-ram-128-gb-ssd-1920x1080-pt-14899\/"},"modified":"2026-04-01T10:12:44","modified_gmt":"2026-04-01T08:12:44","slug":"microsoft-surface-go-2-105-recondicionado-core-m-11ghz-8-gb-ram-128-gb-ssd-1920x1080-pt-14899","status":"publish","type":"product","link":"https:\/\/digalco.com\/pt-pt\/produto\/microsoft-surface-go-2-105-recondicionado-core-m-11ghz-8-gb-ram-128-gb-ssd-1920x1080-pt-14899\/","title":{"rendered":"Microsoft Surface Go 2 10.5&#8221; | Recondicionado | Core M 1.1GHz | 8 GB RAM | 128 GB SSD 1920&#215;1080"},"content":{"rendered":"<p><strong>Processador<\/strong><br \/>Intel Core M 3- 8100Y 1.1 GHz.<br \/><strong>Mem\u00f3ria RAM<\/strong><br \/>8 Gb. SO-DDR3 RAM<br \/><strong>Disco r\u00edgido<\/strong><br \/>128 Gb. SSD<br \/><strong>Cart\u00f5es<\/strong><br \/>Placa gr\u00e1fica: UHD Graphics 615<br \/>Som: Realtek High Definition Audio<br \/><strong>Sistema operativo<\/strong><br \/>Windows 11 Pro<br \/><strong>Portos<\/strong><br \/>USB-C<br \/><strong>Tela<\/strong><br \/>T\u00e1til 10.5 &#8221; FullHD 16:10 \u00b7 Resolu\u00e7\u00e3o 1920&#215;1080<br \/><strong>Multim\u00eddia<\/strong><br \/>Leitor SD<br \/>C\u00e2mera traseira<br \/>C\u00e2mera frontal<br \/><strong>Conectividade<\/strong><br \/>WIFI<br \/>Bluetooth<br \/><strong>Outros<\/strong><br \/>hR embalagens<br \/><strong>Dimens\u00f5es<\/strong><br \/>24.50&#215;17.50&#215;0.83 cm.<br \/><strong>Peso<\/strong><br \/>0.55 Kg.<br \/><strong>Especifica\u00e7\u00f5es adicionais<\/strong><br \/>O Microsoft Surface Go 2 \u00e9 a evolu\u00e7\u00e3o perfeita para quem procura um tablet compacto, elegante e preparado para um uso profissional mais exigente. Projetado para oferecer m\u00e1xima mobilidade sem abrir m\u00e3o da produtividade, \u00e9 ideal para trabalhar em qualquer lugar: escrit\u00f3rio, casa ou em movimento, com a comodidade de um formato leve e vers\u00e1til.Gra\u00e7as ao seu processador Intel Core m3, juntamente com 8 GB de mem\u00f3ria RAM e um SSD de 128 GB, oferece um desempenho mais \u00e1gil e eficiente em compara\u00e7\u00e3o com modelos b\u00e1sicos, permitindo trabalhar com v\u00e1rias aplica\u00e7\u00f5es ao mesmo tempo com total fluidez. Sua tela sens\u00edvel ao toque de 10,5 polegadas Full HD melhora a experi\u00eancia visual com maior tamanho e defini\u00e7\u00e3o, perfeita para produtividade, videochamadas ou consumo multim\u00e9dia. Al\u00e9m disso, incorpora o Windows 11 Pro, proporcionando um ambiente moderno, seguro e otimizado para o trabalho atual.Inclui teclado, o que o torna um equipamento pronto para uso desde o primeiro momento, combinando o conforto de um port\u00e1til com a liberdade de um tablet. O Surface Go 2 destaca-se pelo seu equil\u00edbrio entre desempenho, portabilidade e design premium, sendo uma excelente op\u00e7\u00e3o para quem procura um dispositivo vers\u00e1til, fi\u00e1vel e preparado para o dia a dia profissional.Boa apar\u00eancia externa. Pode apresentar leves marcas de uso na carca\u00e7a. Veja em \u201c+ Fotos\u201d e se tiver alguma d\u00favida, ligue para n\u00f3s ou use nosso chat para obter mais informa\u00e7\u00f5es ou solicitar mais detalhes.<br \/><strong>Coment\u00e1rios<\/strong><br \/><u>Teclado internacional com stickers em Portugu\u00eas<\/u><\/p>\n","protected":false},"excerpt":{"rendered":"<p>Intel Core M 3- 8100Y 1.1 GHz. \u00b7 8 Gb. SO-DDR3 RAM \u00b7 128 Gb. SSD \u00b7 <strong>Windows 11 Pro<\/strong> \u00b7 T\u00e1til 10.5 &#8221; FullHD 16:10 \u00b7<br \/>\n<u>Teclado internacional com stickers em Portugu\u00eas<\/u> [&#8230;]<\/p>\n<p><a class=\"btn btn-secondary understrap-read-more-link\" href=\"https:\/\/digalco.com\/pt-pt\/produto\/microsoft-surface-go-2-105-recondicionado-core-m-11ghz-8-gb-ram-128-gb-ssd-1920x1080-pt-14899\/\">Continuar a ler&#8230;<span class=\"screen-reader-text\"> from Microsoft Surface Go 2 10.5&#8221; | Recondicionado | Core M 1.1GHz | 8 GB RAM | 128 GB SSD 1920&#215;1080<\/span><\/a><\/p>\n","protected":false},"featured_media":331893,"template":"","meta":[],"product_brand":[3860],"product_cat":[3749,1579],"product_tag":[],"class_list":{"0":"post-331939","1":"product","2":"type-product","3":"status-publish","4":"has-post-thumbnail","6":"product_brand-microsoft","7":"product_cat-tablets-surface-pt","8":"product_cat-tablets-pt","10":"first","11":"instock","12":"taxable","13":"shipping-taxable","14":"purchasable","15":"product-type-simple"},"bundled_by":[],"bundle_stock_status":"instock","bundle_stock_quantity":22,"bundle_virtual":false,"bundle_layout":"","bundle_add_to_cart_form_location":"","bundle_editable_in_cart":false,"bundle_sold_individually_context":"","bundle_item_grouping":"","bundle_min_size":"","bundle_max_size":"","bundle_price":[],"bundled_items":[],"bundle_sell_ids":[],"exclude_global_add_ons":true,"addons":{"keyboard-iso-upgrades":{"name":"Selecione idioma teclado","type":"multiple_choice","position":0,"required":false,"title_format":"heading","default":"","description_enable":false,"description":"","placeholder_enable":false,"placeholder":"","display":"radiobutton","restrictions_type":"any_text","adjust_price":false,"price":"","price_type":"quantity_based","restrictions":false,"min":"0","max":"0","options":[{"label":"Pegatinas Espanhol [AMP00082]","price":"0.0000","price_type":"quantity_based","image":0,"visibility":true},{"label":"Pegatinas Franc\u00e9s [AMP00084]","price":"0.0000","price_type":"quantity_based","image":0,"visibility":true},{"label":"Pegatinas Portugues [AMP00083]","price":"0.0000","price_type":"quantity_based","image":0,"visibility":true}]},"pencil-upgrades":{"name":"Extens\u00e3o L\u00e1pis","type":"multiple_choice","position":0,"required":false,"title_format":"heading","default":"","description_enable":false,"description":"","placeholder_enable":false,"placeholder":"","display":"radiobutton","restrictions_type":"any_text","adjust_price":false,"price":"","price_type":"quantity_based","restrictions":false,"min":"0","max":"0","options":[{"label":"Caneta Original Microsoft Surface [AMP00087]","price":"50.0000","price_type":"quantity_based","image":0,"visibility":true}]},"os-upgrades":{"name":"Extens\u00e3o OS","type":"multiple_choice","position":0,"required":false,"title_format":"heading","default":"","description_enable":false,"description":"","placeholder_enable":false,"placeholder":"","display":"radiobutton","restrictions_type":"any_text","adjust_price":false,"price":"","price_type":"quantity_based","restrictions":false,"min":"0","max":"0","options":[{"label":"Alterar idioma para franc\u00eas [AMP00125]","price":"0.0000","price_type":"quantity_based","image":0,"visibility":true},{"label":"Alterar idioma para ingl\u00eas [AMP00008]","price":"0.0000","price_type":"quantity_based","image":0,"visibility":true},{"label":"Alterar idioma para o portugu\u00eas [AMP00009]","price":"0.0000","price_type":"quantity_based","image":0,"visibility":true}]}},"df_price":264,"df_sale_price":"","df_regular_price":264,"df_image_link":"https:\/\/digalco.com\/wp-content\/uploads\/images\/product\/14899\/ms00245_01-300x225.jpg","_links":{"self":[{"href":"https:\/\/digalco.com\/pt-pt\/wp-json\/wp\/v2\/product\/331939","targetHints":{"allow":["GET"]}}],"collection":[{"href":"https:\/\/digalco.com\/pt-pt\/wp-json\/wp\/v2\/product"}],"about":[{"href":"https:\/\/digalco.com\/pt-pt\/wp-json\/wp\/v2\/types\/product"}],"wp:featuredmedia":[{"embeddable":true,"href":"https:\/\/digalco.com\/pt-pt\/wp-json\/wp\/v2\/media\/331893"}],"wp:attachment":[{"href":"https:\/\/digalco.com\/pt-pt\/wp-json\/wp\/v2\/media?parent=331939"}],"wp:term":[{"taxonomy":"product_brand","embeddable":true,"href":"https:\/\/digalco.com\/pt-pt\/wp-json\/wp\/v2\/product_brand?post=331939"},{"taxonomy":"product_cat","embeddable":true,"href":"https:\/\/digalco.com\/pt-pt\/wp-json\/wp\/v2\/product_cat?post=331939"},{"taxonomy":"product_tag","embeddable":true,"href":"https:\/\/digalco.com\/pt-pt\/wp-json\/wp\/v2\/product_tag?post=331939"}],"curies":[{"name":"wp","href":"https:\/\/api.w.org\/{rel}","templated":true}]}}