{"id":332180,"date":"2026-04-01T10:29:46","date_gmt":"2026-04-01T08:29:46","guid":{"rendered":"https:\/\/digalco.com\/tienda\/lenovo-t24d-10-24-led-1610-recondicionado-1290x1200-pt-5035\/"},"modified":"2026-04-01T10:29:53","modified_gmt":"2026-04-01T08:29:53","slug":"lenovo-t24d-10-24-led-1610-recondicionado-1290x1200-pt-5035","status":"publish","type":"product","link":"https:\/\/digalco.com\/pt-pt\/produto\/lenovo-t24d-10-24-led-1610-recondicionado-1290x1200-pt-5035\/","title":{"rendered":"Lenovo T24d-10 24&#8221; Led 16:10 | Recondicionado | 1290&#215;1200"},"content":{"rendered":"<p><strong>Tela<\/strong><br \/>Led 24 &#8221; FullHD 16:10 \u00b7 Resolu\u00e7\u00e3o 1290&#215;1200<br \/>Resposta 4 ms<br \/>Contraste 1000:1<br \/>Brilho 300 cd\/m2<br \/>\u00c2ngulo vis\u00e3o 178\u00b0v\/178\u00b0h<br \/><strong>Portas de v\u00eddeo<\/strong><br \/>VGA<br \/>HDMI<br \/>Display Port<br \/><strong>Espec\u00edfico tela<\/strong><br \/>Apoio VESA<br \/>Pedestal<br \/>Regul\u00e1vel em altura<br \/><strong>Dimens\u00f5es<\/strong><br \/>53.5x40x25 cm.<br \/><strong>Peso<\/strong><br \/>5.70 Kg.<br \/><strong>Especifica\u00e7\u00f5es adicionais<\/strong><br \/>O Lenovo T24d-10 foi concebido para quem precisa de mais do que um monitor padr\u00e3o. O seu formato 16:10 faz a diferen\u00e7a desde o primeiro momento, oferecendo maior altura de ecr\u00e3 e um ambiente de trabalho mais confort\u00e1vel e eficiente. \u00c9 a op\u00e7\u00e3o ideal para profissionais que gerem documentos, folhas de c\u00e1lculo ou m\u00faltiplas janelas, assim como para quem procura otimizar o seu espa\u00e7o de trabalho com uma visualiza\u00e7\u00e3o mais completa.O seu ecr\u00e3 LED de 24 polegadas com resolu\u00e7\u00e3o WUXGA 1920&#215;1200 proporciona uma imagem n\u00edtida e detalhada, superior ao cl\u00e1ssico Full HD, permitindo visualizar mais conte\u00fado sem necessidade de deslocamentos constantes. Com um tempo de resposta de 4 ms, brilho de 300 cd\/m\u00b2 e um contraste de 1000:1, oferece um desempenho equilibrado tanto em tarefas de escrit\u00f3rio como em conte\u00fados multim\u00e9dia. Os amplos \u00e2ngulos de vis\u00e3o de 178\u00b0 garantem consist\u00eancia de cor a partir de qualquer posi\u00e7\u00e3o, enquanto a sua conectividade completa com VGA, HDMI, DisplayPort e 4 portas USB 3.0 o tornam um verdadeiro centro de trabalho.O Lenovo T24d-10 n\u00e3o s\u00f3 melhora a qualidade de imagem, como tamb\u00e9m impulsiona a produtividade real no dia a dia. Mais espa\u00e7o vertical, maior conforto visual e uma conectividade pensada para ambientes exigentes fazem dele um investimento inteligente. Um monitor profissional, vers\u00e1til e eficiente que se adapta a qualquer ritmo de trabalho e eleva a experi\u00eancia diante do ecr\u00e3.Boa apar\u00eancia externa. Pode apresentar leves marcas de uso na carca\u00e7a. Se tiver alguma d\u00favida, ligue para n\u00f3s ou use nosso chat para obter mais informa\u00e7\u00f5es ou solicitar mais detalhes.<br \/><strong>Coment\u00e1rios<\/strong><br \/><u>4x USB 3.0 &#8211; Cabo de alimenta\u00e7\u00e3o e VGA inclu\u00eddos<\/u><\/p>\n","protected":false},"excerpt":{"rendered":"<p>Led 24 &#8221; FullHD 16:10 \u00b7 Resposta 4 ms \u00b7 Contraste 1000:1 \u00b7 Brilho 300 cd\/m2 \u00b7 VGA \u00b7 HDMI \u00b7 Display Port \u00b7<br \/>\n<u>4x USB 3.0 &#8211; Cabo de alimenta\u00e7\u00e3o e VGA inclu\u00eddos<\/u> [&#8230;]<\/p>\n<p><a class=\"btn btn-secondary understrap-read-more-link\" href=\"https:\/\/digalco.com\/pt-pt\/produto\/lenovo-t24d-10-24-led-1610-recondicionado-1290x1200-pt-5035\/\">Continuar a ler&#8230;<span class=\"screen-reader-text\"> from Lenovo T24d-10 24&#8221; Led 16:10 | Recondicionado | 1290&#215;1200<\/span><\/a><\/p>\n","protected":false},"featured_media":332154,"template":"","meta":[],"product_brand":[3856],"product_cat":[2389,1491],"product_tag":[],"class_list":{"0":"post-332180","1":"product","2":"type-product","3":"status-publish","4":"has-post-thumbnail","6":"product_brand-lenovo","7":"product_cat-monitores-24-pt","8":"product_cat-monitores-pt","10":"first","11":"instock","12":"taxable","13":"shipping-taxable","14":"purchasable","15":"product-type-simple"},"bundled_by":[],"bundle_stock_status":"instock","bundle_stock_quantity":4,"bundle_virtual":false,"bundle_layout":"","bundle_add_to_cart_form_location":"","bundle_editable_in_cart":false,"bundle_sold_individually_context":"","bundle_item_grouping":"","bundle_min_size":"","bundle_max_size":"","bundle_price":[],"bundled_items":[],"bundle_sell_ids":[],"exclude_global_add_ons":true,"addons":{"webcam-upgrades":{"name":"Extens\u00e3o Webcam","type":"multiple_choice","position":0,"required":false,"title_format":"heading","default":"","description_enable":false,"description":"","placeholder_enable":false,"placeholder":"","display":"radiobutton","restrictions_type":"any_text","adjust_price":false,"price":"","price_type":"quantity_based","restrictions":false,"min":"0","max":"0","options":[{"label":"Conceptronic AMDIS FullHD [AMP00085]","price":"29.0000","price_type":"quantity_based","image":0,"visibility":true}]},"hdmi-upgrades":{"name":"Extens\u00e3o cabo","type":"multiple_choice","position":0,"required":false,"title_format":"heading","default":"","description_enable":false,"description":"","placeholder_enable":false,"placeholder":"","display":"radiobutton","restrictions_type":"any_text","adjust_price":false,"price":"","price_type":"quantity_based","restrictions":false,"min":"0","max":"0","options":[{"label":"Cabo HDMI 2 mts. [AMP00104]","price":"6.0000","price_type":"quantity_based","image":0,"visibility":true},{"label":"DisplayPort para cabo DisplayPort 1,8 mts. [AMP00103]","price":"8.0000","price_type":"quantity_based","image":0,"visibility":true}]}},"df_price":90,"df_sale_price":"","df_regular_price":90,"df_image_link":"https:\/\/digalco.com\/wp-content\/uploads\/images\/product\/5035\/leno00445_01-300x225.jpg","_links":{"self":[{"href":"https:\/\/digalco.com\/pt-pt\/wp-json\/wp\/v2\/product\/332180","targetHints":{"allow":["GET"]}}],"collection":[{"href":"https:\/\/digalco.com\/pt-pt\/wp-json\/wp\/v2\/product"}],"about":[{"href":"https:\/\/digalco.com\/pt-pt\/wp-json\/wp\/v2\/types\/product"}],"wp:featuredmedia":[{"embeddable":true,"href":"https:\/\/digalco.com\/pt-pt\/wp-json\/wp\/v2\/media\/332154"}],"wp:attachment":[{"href":"https:\/\/digalco.com\/pt-pt\/wp-json\/wp\/v2\/media?parent=332180"}],"wp:term":[{"taxonomy":"product_brand","embeddable":true,"href":"https:\/\/digalco.com\/pt-pt\/wp-json\/wp\/v2\/product_brand?post=332180"},{"taxonomy":"product_cat","embeddable":true,"href":"https:\/\/digalco.com\/pt-pt\/wp-json\/wp\/v2\/product_cat?post=332180"},{"taxonomy":"product_tag","embeddable":true,"href":"https:\/\/digalco.com\/pt-pt\/wp-json\/wp\/v2\/product_tag?post=332180"}],"curies":[{"name":"wp","href":"https:\/\/api.w.org\/{rel}","templated":true}]}}