{"id":334357,"date":"2026-04-03T19:26:17","date_gmt":"2026-04-03T17:26:17","guid":{"rendered":"https:\/\/digalco.com\/tienda\/hp-z24i-238-ips-169-recondicionado-1920x1080-pt-14937\/"},"modified":"2026-04-03T19:26:26","modified_gmt":"2026-04-03T17:26:26","slug":"hp-z24i-238-ips-169-recondicionado-1920x1080-pt-14937","status":"publish","type":"product","link":"https:\/\/digalco.com\/pt-pt\/produto\/hp-z24i-238-ips-169-recondicionado-1920x1080-pt-14937\/","title":{"rendered":"HP Z24I 23.8&#8221; IPS 16:9 | Recondicionado | 1920&#215;1080"},"content":{"rendered":"<p><strong>Tela<\/strong><br \/>IPS 23.8 &#8221; FullHD 16:9 \u00b7 Resolu\u00e7\u00e3o 1920&#215;1080<br \/>Dot pitch 0.265 mm<br \/>Resposta 5 ms<br \/>Contraste 10,000,000:1 dynamic<br \/>Brilho 300 cd\/m2<br \/>\u00c2ngulo vis\u00e3o 178\u00b0v\/178\u00b0h<br \/><strong>Portas de v\u00eddeo<\/strong><br \/>VGA<br \/>HDMI<br \/>Display Port<br \/><strong>Espec\u00edfico tela<\/strong><br \/>Apoio VESA<br \/>Pedestal<br \/>Regul\u00e1vel em altura<br \/><strong>Outros<\/strong><br \/>hR embalagens<br \/><strong>Dimens\u00f5es<\/strong><br \/>54&#215;20.5&#215;50 cm.<br \/><strong>Peso<\/strong><br \/>6.00 Kg.<br \/><strong>Especifica\u00e7\u00f5es adicionais<\/strong><br \/>O HP Z24i \u00e9 um monitor projetado para quem valoriza a qualidade de imagem e a fiabilidade em cada detalhe. Pensado para ambientes profissionais e utilizadores exigentes, oferece uma experi\u00eancia visual precisa e confort\u00e1vel que se adapta tanto a tarefas de escrit\u00f3rio como a trabalhos onde a cor e a nitidez fazem a diferen\u00e7a.O seu painel IPS de 23,8 polegadas com resolu\u00e7\u00e3o Full HD 1920&#215;1080 garante uma reprodu\u00e7\u00e3o de cores uniforme e realista a partir de qualquer \u00e2ngulo de vis\u00e3o de 178\u00b0. Com um tempo de resposta de 5 ms, brilho de 300 cd\/m\u00b2 e um contraste din\u00e2mico de 10.000.000:1, proporciona imagens vivas, com boa profundidade e excelente defini\u00e7\u00e3o em todo tipo de conte\u00fados. Al\u00e9m disso, a sua conectividade completa com VGA, HDMI, DisplayPort e 4 portas USB permite integrar facilmente m\u00faltiplos dispositivos e perif\u00e9ricos, criando um ambiente de trabalho mais limpo e funcional.O HP Z24i n\u00e3o s\u00f3 oferece uma imagem de qualidade, como tamb\u00e9m melhora a forma como trabalha. O seu equil\u00edbrio entre desempenho, conforto visual e versatilidade torna-o uma solu\u00e7\u00e3o fi\u00e1vel e duradoura para qualquer espa\u00e7o profissional ou dom\u00e9stico. Um monitor IPS Full HD que acrescenta valor real desde o primeiro dia, otimizando a produtividade e elevando a experi\u00eancia frente ao ecr\u00e3.Bom aspeto exterior. Pode apresentar ligeiras marcas de uso na carca\u00e7a. Se tiver alguma d\u00favida ligue-nos ou use o nosso chat para obter mais informa\u00e7\u00f5es ou para solicitar mais detalhes.<br \/><strong>Coment\u00e1rios<\/strong><br \/><u>4xUSB 2.0 &#8211; Cabo de alimenta\u00e7\u00e3o e VGA inclu\u00eddos<\/u><\/p>\n","protected":false},"excerpt":{"rendered":"<p>IPS 23.8 &#8221; FullHD 16:9 \u00b7 Dot pitch 0.265 mm \u00b7 Resposta 5 ms \u00b7 Contraste 10,000,000:1 dynamic \u00b7 Brilho 300 cd\/m2 \u00b7 VGA \u00b7 HDMI \u00b7 Display Port \u00b7<br \/>\n<u>4xUSB 2.0 &#8211; Cabo de alimenta\u00e7\u00e3o e VGA inclu\u00eddos<\/u> [&#8230;]<\/p>\n<p><a class=\"btn btn-secondary understrap-read-more-link\" href=\"https:\/\/digalco.com\/pt-pt\/produto\/hp-z24i-238-ips-169-recondicionado-1920x1080-pt-14937\/\">Continuar a ler&#8230;<span class=\"screen-reader-text\"> from HP Z24I 23.8&#8221; IPS 16:9 | Recondicionado | 1920&#215;1080<\/span><\/a><\/p>\n","protected":false},"featured_media":334326,"template":"","meta":[],"product_brand":[3854],"product_cat":[1491,2389],"product_tag":[],"class_list":{"0":"post-334357","1":"product","2":"type-product","3":"status-publish","4":"has-post-thumbnail","6":"product_brand-hp","7":"product_cat-monitores-pt","8":"product_cat-monitores-24-pt","10":"first","11":"outofstock","12":"taxable","13":"shipping-taxable","14":"purchasable","15":"product-type-simple"},"bundled_by":[],"bundle_stock_status":"outofstock","bundle_stock_quantity":0,"bundle_virtual":false,"bundle_layout":"","bundle_add_to_cart_form_location":"","bundle_editable_in_cart":false,"bundle_sold_individually_context":"","bundle_item_grouping":"","bundle_min_size":"","bundle_max_size":"","bundle_price":[],"bundled_items":[],"bundle_sell_ids":[],"exclude_global_add_ons":true,"addons":{"hdmi-upgrades":{"name":"Extens\u00e3o cabo","type":"multiple_choice","position":0,"required":false,"title_format":"heading","default":"","description_enable":false,"description":"","placeholder_enable":false,"placeholder":"","display":"radiobutton","restrictions_type":"any_text","adjust_price":false,"price":"","price_type":"quantity_based","restrictions":false,"min":"0","max":"0","options":[{"label":"Cabo HDMI 2 mts. [AMP00104]","price":"6.0000","price_type":"quantity_based","image":0,"visibility":true},{"label":"DisplayPort para cabo DisplayPort 1,8 mts. [AMP00103]","price":"8.0000","price_type":"quantity_based","image":0,"visibility":true}]}},"df_price":94,"df_sale_price":"","df_regular_price":94,"df_image_link":"https:\/\/digalco.com\/wp-content\/uploads\/images\/product\/14937\/hp03338_01-300x225.jpg","_links":{"self":[{"href":"https:\/\/digalco.com\/pt-pt\/wp-json\/wp\/v2\/product\/334357","targetHints":{"allow":["GET"]}}],"collection":[{"href":"https:\/\/digalco.com\/pt-pt\/wp-json\/wp\/v2\/product"}],"about":[{"href":"https:\/\/digalco.com\/pt-pt\/wp-json\/wp\/v2\/types\/product"}],"wp:featuredmedia":[{"embeddable":true,"href":"https:\/\/digalco.com\/pt-pt\/wp-json\/wp\/v2\/media\/334326"}],"wp:attachment":[{"href":"https:\/\/digalco.com\/pt-pt\/wp-json\/wp\/v2\/media?parent=334357"}],"wp:term":[{"taxonomy":"product_brand","embeddable":true,"href":"https:\/\/digalco.com\/pt-pt\/wp-json\/wp\/v2\/product_brand?post=334357"},{"taxonomy":"product_cat","embeddable":true,"href":"https:\/\/digalco.com\/pt-pt\/wp-json\/wp\/v2\/product_cat?post=334357"},{"taxonomy":"product_tag","embeddable":true,"href":"https:\/\/digalco.com\/pt-pt\/wp-json\/wp\/v2\/product_tag?post=334357"}],"curies":[{"name":"wp","href":"https:\/\/api.w.org\/{rel}","templated":true}]}}