{"id":335133,"date":"2026-04-05T18:14:55","date_gmt":"2026-04-05T16:14:55","guid":{"rendered":"https:\/\/digalco.com\/tienda\/hp-z23n-g2-23-ips-169-tara-1920x1080-pt-14885\/"},"modified":"2026-04-14T16:11:28","modified_gmt":"2026-04-14T14:11:28","slug":"hp-z23n-g2-23-ips-169-tara-1920x1080-pt-14885","status":"publish","type":"product","link":"https:\/\/digalco.com\/pt-pt\/produto\/hp-z23n-g2-23-ips-169-tara-1920x1080-pt-14885\/","title":{"rendered":"HP Z23n G2 23&#8221; IPS 16:9 | Tara  | 1920&#215;1080"},"content":{"rendered":"<p><strong>Tela<\/strong><br \/>IPS 23 &#8221; FullHD 16:9  \u00b7 Resolu\u00e7\u00e3o 1920&#215;1080<br \/>Dot pitch 0.265 mm<br \/>Resposta 5 ms<br \/>Contraste 10,000,000:1 dynamic<br \/>Brilho 250 cd\/m2<br \/>\u00c2ngulo vis\u00e3o 178\u00b0v\/178\u00b0h<br \/><strong>Portas de v\u00eddeo<\/strong><br \/>VGA<br \/>HDMI<br \/>Display Port<br \/><strong>Espec\u00edfico tela<\/strong><br \/>Apoio VESA<br \/>Pedestal<br \/>Regul\u00e1vel em altura<br \/><strong>Outros<\/strong><br \/>hR embalagens<br \/><strong>Dimens\u00f5es<\/strong><br \/>52&#215;20.5&#215;32.5 cm.<br \/><strong>Peso<\/strong><br \/>5.35 Kg.<br \/><strong>Coment\u00e1rios<\/strong><br \/><u>Pequenas marcas e um mossa na carca\u00e7a. Isto \u00e9 puramente est\u00e9tico. Todas as outras fun\u00e7\u00f5es est\u00e3o a funcionar perfeitamente. Definitivamente uma grande oportunidade. Consulte a sec\u00e7\u00e3o &#8220;+ Fotos&#8221; e, se tiver alguma d\u00favida, ligue-nos ou utilize o nosso chat para obter mais informa\u00e7\u00f5es ou solicitar mais detalhes.<\/u><br \/><strong>Taras<\/strong><br \/>Carca\u00e7a amolgada<\/p>\n","protected":false},"excerpt":{"rendered":"<p>IPS 23 &#8221; FullHD 16:9 \u00b7 Resolu\u00e7\u00e3o 1920&#215;1080 \u00b7<u>Pequenas marcas na caixa (Ver em &#8220;+ Fotos&#8221;)<\/u> [&#8230;]<\/p>\n<p><a class=\"btn btn-secondary understrap-read-more-link\" href=\"https:\/\/digalco.com\/pt-pt\/produto\/hp-z23n-g2-23-ips-169-tara-1920x1080-pt-14885\/\">Continuar a ler&#8230;<span class=\"screen-reader-text\"> from HP Z23n G2 23&#8221; IPS 16:9 | Tara  | 1920&#215;1080<\/span><\/a><\/p>\n","protected":false},"featured_media":335107,"template":"","meta":[],"product_brand":[3854],"product_cat":[1491,1507],"product_tag":[],"class_list":{"0":"post-335133","1":"product","2":"type-product","3":"status-publish","4":"has-post-thumbnail","6":"product_brand-hp","7":"product_cat-monitores-pt","8":"product_cat-monitores-com-taras-pt","10":"first","11":"outofstock","12":"taxable","13":"shipping-taxable","14":"purchasable","15":"product-type-simple"},"bundled_by":[],"bundle_stock_status":"outofstock","bundle_stock_quantity":0,"bundle_virtual":false,"bundle_layout":"","bundle_add_to_cart_form_location":"","bundle_editable_in_cart":false,"bundle_sold_individually_context":"","bundle_item_grouping":"","bundle_min_size":"","bundle_max_size":"","bundle_price":[],"bundled_items":[],"bundle_sell_ids":[],"exclude_global_add_ons":true,"addons":{"hdmi-upgrades":{"name":"Extens\u00e3o cabo","type":"multiple_choice","position":0,"required":false,"title_format":"heading","default":"","description_enable":false,"description":"","placeholder_enable":false,"placeholder":"","display":"radiobutton","restrictions_type":"any_text","adjust_price":false,"price":"","price_type":"quantity_based","restrictions":false,"min":"0","max":"0","options":[{"label":"Cabo HDMI 2 mts. [AMP00104]","price":"6.0000","price_type":"quantity_based","image":0,"visibility":true},{"label":"DisplayPort para cabo DisplayPort 1,8 mts. [AMP00103]","price":"8.0000","price_type":"quantity_based","image":0,"visibility":true}]}},"df_price":50,"df_sale_price":"","df_regular_price":50,"df_image_link":"https:\/\/digalco.com\/wp-content\/uploads\/images\/product\/14885\/hp02302tr02_01-300x225.jpg","_links":{"self":[{"href":"https:\/\/digalco.com\/pt-pt\/wp-json\/wp\/v2\/product\/335133","targetHints":{"allow":["GET"]}}],"collection":[{"href":"https:\/\/digalco.com\/pt-pt\/wp-json\/wp\/v2\/product"}],"about":[{"href":"https:\/\/digalco.com\/pt-pt\/wp-json\/wp\/v2\/types\/product"}],"wp:featuredmedia":[{"embeddable":true,"href":"https:\/\/digalco.com\/pt-pt\/wp-json\/wp\/v2\/media\/335107"}],"wp:attachment":[{"href":"https:\/\/digalco.com\/pt-pt\/wp-json\/wp\/v2\/media?parent=335133"}],"wp:term":[{"taxonomy":"product_brand","embeddable":true,"href":"https:\/\/digalco.com\/pt-pt\/wp-json\/wp\/v2\/product_brand?post=335133"},{"taxonomy":"product_cat","embeddable":true,"href":"https:\/\/digalco.com\/pt-pt\/wp-json\/wp\/v2\/product_cat?post=335133"},{"taxonomy":"product_tag","embeddable":true,"href":"https:\/\/digalco.com\/pt-pt\/wp-json\/wp\/v2\/product_tag?post=335133"}],"curies":[{"name":"wp","href":"https:\/\/api.w.org\/{rel}","templated":true}]}}