{"id":336591,"date":"2026-04-07T12:34:34","date_gmt":"2026-04-07T10:34:34","guid":{"rendered":"https:\/\/digalco.com\/tienda\/hp-prodisplay-p223-215-led-169-recondicionado-1920x1080-pt-14983\/"},"modified":"2026-04-07T12:34:43","modified_gmt":"2026-04-07T10:34:43","slug":"hp-prodisplay-p223-215-led-169-recondicionado-1920x1080-pt-14983","status":"publish","type":"product","link":"https:\/\/digalco.com\/pt-pt\/produto\/hp-prodisplay-p223-215-led-169-recondicionado-1920x1080-pt-14983\/","title":{"rendered":"HP ProDisplay P223 21.5&#8221; Led 16:9 | Recondicionado | 1920&#215;1080"},"content":{"rendered":"<p><strong>Tela<\/strong><br \/>Led 21.5 &#8221; FullHD 16:9 \u00b7 Resolu\u00e7\u00e3o 1920&#215;1080<br \/>Dot pitch 0.248 mm<br \/>Resposta 5 ms<br \/>Contraste 3000:1<br \/>Brilho 250 cd\/m2<br \/>\u00c2ngulo vis\u00e3o 178\u00b0v\/178\u00b0h<br \/><strong>Portas de v\u00eddeo<\/strong><br \/>VGA<br \/>Display Port<br \/><strong>Espec\u00edfico tela<\/strong><br \/>Apoio VESA<br \/><strong>Dimens\u00f5es<\/strong><br \/>51x32x5 cm.<br \/><strong>Peso<\/strong><br \/>2.80 Kg.<br \/><strong>Especifica\u00e7\u00f5es adicionais:<\/strong><br \/>Bom estado exterior. Veja as &#8220;+ Fotos&#8221; e, caso tenha alguma d\u00favida, ligue-nos ou utilize o nosso chat para obter mais informa\u00e7\u00f5es ou solicitar mais detalhes.<\/p>\n","protected":false},"excerpt":{"rendered":"<p><strong>2 Unidades:<\/strong>Led 21.5 &#8221; FullHD 16:9 \u00b7 Dot pitch 0.248 mm \u00b7 Resposta 5 ms \u00b7 Contraste 3000:1 \u00b7 Brilho 250 cd\/m2 \u00b7 \u00c2ngulo vis\u00e3o 178\u00b0v\/178\u00b0h \u00b7 VGA \u00b7 Display Port [&#8230;]<\/p>\n<p><a class=\"btn btn-secondary understrap-read-more-link\" href=\"https:\/\/digalco.com\/pt-pt\/produto\/hp-prodisplay-p223-215-led-169-recondicionado-1920x1080-pt-14983\/\">Continuar a ler&#8230;<span class=\"screen-reader-text\"> from HP ProDisplay P223 21.5&#8221; Led 16:9 | Recondicionado | 1920&#215;1080<\/span><\/a><\/p>\n","protected":false},"featured_media":336570,"template":"","meta":[],"product_brand":[3854],"product_cat":[2381,1491],"product_tag":[],"class_list":{"0":"post-336591","1":"product","2":"type-product","3":"status-publish","4":"has-post-thumbnail","6":"product_brand-hp","7":"product_cat-monitores-22-pt","8":"product_cat-monitores-pt","10":"first","11":"instock","12":"taxable","13":"shipping-taxable","14":"purchasable","15":"product-type-simple"},"bundled_by":[],"bundle_stock_status":"instock","bundle_stock_quantity":20,"bundle_virtual":false,"bundle_layout":"","bundle_add_to_cart_form_location":"","bundle_editable_in_cart":false,"bundle_sold_individually_context":"","bundle_item_grouping":"","bundle_min_size":"","bundle_max_size":"","bundle_price":[],"bundled_items":[],"bundle_sell_ids":[],"exclude_global_add_ons":[],"addons":[],"df_price":150,"df_sale_price":"","df_regular_price":150,"df_image_link":"https:\/\/digalco.com\/wp-content\/uploads\/images\/product\/14983\/hp03353_01-300x225.jpg","_links":{"self":[{"href":"https:\/\/digalco.com\/pt-pt\/wp-json\/wp\/v2\/product\/336591","targetHints":{"allow":["GET"]}}],"collection":[{"href":"https:\/\/digalco.com\/pt-pt\/wp-json\/wp\/v2\/product"}],"about":[{"href":"https:\/\/digalco.com\/pt-pt\/wp-json\/wp\/v2\/types\/product"}],"wp:featuredmedia":[{"embeddable":true,"href":"https:\/\/digalco.com\/pt-pt\/wp-json\/wp\/v2\/media\/336570"}],"wp:attachment":[{"href":"https:\/\/digalco.com\/pt-pt\/wp-json\/wp\/v2\/media?parent=336591"}],"wp:term":[{"taxonomy":"product_brand","embeddable":true,"href":"https:\/\/digalco.com\/pt-pt\/wp-json\/wp\/v2\/product_brand?post=336591"},{"taxonomy":"product_cat","embeddable":true,"href":"https:\/\/digalco.com\/pt-pt\/wp-json\/wp\/v2\/product_cat?post=336591"},{"taxonomy":"product_tag","embeddable":true,"href":"https:\/\/digalco.com\/pt-pt\/wp-json\/wp\/v2\/product_tag?post=336591"}],"curies":[{"name":"wp","href":"https:\/\/api.w.org\/{rel}","templated":true}]}}