{"id":337145,"date":"2026-04-08T11:41:37","date_gmt":"2026-04-08T09:41:37","guid":{"rendered":"https:\/\/digalco.com\/tienda\/switch-ubiquiti-unifi-lite-16-poe-recondicionado-pt-14931\/"},"modified":"2026-04-08T11:41:43","modified_gmt":"2026-04-08T09:41:43","slug":"switch-ubiquiti-unifi-lite-16-poe-recondicionado-pt-14931","status":"publish","type":"product","link":"https:\/\/digalco.com\/pt-pt\/produto\/switch-ubiquiti-unifi-lite-16-poe-recondicionado-pt-14931\/","title":{"rendered":"Switch Ubiquiti Unifi Lite 16 PoE | Recondicionado"},"content":{"rendered":"<p><strong>Geral impressora<\/strong><br \/>Switch<br \/><strong>Portos de rede<\/strong><br \/>16x Ethernet 1000 Mbps.<br \/><strong>Dimens\u00f5es<\/strong><br \/>19x18x4 cm.<br \/><strong>Peso<\/strong><br \/>1.00 Kg.<br \/><strong>Especifica\u00e7\u00f5es adicionais<\/strong><br \/>O Ubiquiti UniFi Lite 16 PoE \u00e9 a solu\u00e7\u00e3o perfeita para quem procura um switch fi\u00e1vel, eficiente e f\u00e1cil de integrar em ambientes de rede modernos. Projetado para escrit\u00f3rios, neg\u00f3cios e projetos de infraestrutura IT, este switch combina desempenho Gigabit com gest\u00e3o centralizada, ideal para implementar redes est\u00e1veis sem complica\u00e7\u00f5es.<br \/>Equipado com 16 portas Ethernet Gigabit, permite ligar m\u00faltiplos dispositivos com velocidade constante e sem estrangulamentos. Al\u00e9m disso, incorpora tecnologia PoE, facilitando a alimenta\u00e7\u00e3o direta de pontos de acesso, c\u00e2maras IP ou telefones VoIP atrav\u00e9s do pr\u00f3prio cabo de rede, reduzindo custos e simplificando a instala\u00e7\u00e3o. A sua integra\u00e7\u00e3o com o ecossistema UniFi permite gest\u00e3o avan\u00e7ada, monitoriza\u00e7\u00e3o em tempo real e configura\u00e7\u00e3o intuitiva a partir de uma \u00fanica plataforma.<br \/>Com um design compacto, silencioso e eficiente, este switch \u00e9 perfeito tanto para novas instala\u00e7\u00f5es como para expandir redes existentes. O UniFi Lite 16 PoE destaca-se pelo seu equil\u00edbrio entre desempenho, escalabilidade e facilidade de uso, tornando-se uma escolha inteligente para otimizar qualquer infraestrutura de rede com garantias de estabilidade e crescimento.<br \/>Bom aspeto exterior. Se tiver alguma d\u00favida ligue-nos ou use o nosso chat para obter mais informa\u00e7\u00f5es ou para solicitar mais detalhes.<\/p>\n","protected":false},"excerpt":{"rendered":"<p>Total de portas:16 portas Gigabit Ethernet RJ45Portas PoE:8 portas com suporte PoE+ 802.3at (Portas 1 a 8)Capacidade de comuta\u00e7\u00e3o:32 GbpsTaxa de transfer\u00eancia total (sem bloqueio):16 GbpsTaxa de encaminhamento:23,81 Mpps [&#8230;]<\/p>\n<p><a class=\"btn btn-secondary understrap-read-more-link\" href=\"https:\/\/digalco.com\/pt-pt\/produto\/switch-ubiquiti-unifi-lite-16-poe-recondicionado-pt-14931\/\">Continuar a ler&#8230;<span class=\"screen-reader-text\"> from Switch Ubiquiti Unifi Lite 16 PoE | Recondicionado<\/span><\/a><\/p>\n","protected":false},"featured_media":337134,"template":"","meta":[],"product_brand":[4065],"product_cat":[1663,3785],"product_tag":[],"class_list":{"0":"post-337145","1":"product","2":"type-product","3":"status-publish","4":"has-post-thumbnail","6":"product_brand-ubiquiti","7":"product_cat-networking-pt","8":"product_cat-networking-switches-pt","10":"first","11":"instock","12":"taxable","13":"shipping-taxable","14":"purchasable","15":"product-type-simple"},"bundled_by":[],"bundle_stock_status":"instock","bundle_stock_quantity":6,"bundle_virtual":false,"bundle_layout":"","bundle_add_to_cart_form_location":"","bundle_editable_in_cart":false,"bundle_sold_individually_context":"","bundle_item_grouping":"","bundle_min_size":"","bundle_max_size":"","bundle_price":[],"bundled_items":[],"bundle_sell_ids":[],"exclude_global_add_ons":[],"addons":[],"df_price":180,"df_sale_price":"","df_regular_price":180,"df_image_link":"https:\/\/digalco.com\/wp-content\/uploads\/images\/product\/14931\/ubi00007_01-300x225.jpg","_links":{"self":[{"href":"https:\/\/digalco.com\/pt-pt\/wp-json\/wp\/v2\/product\/337145","targetHints":{"allow":["GET"]}}],"collection":[{"href":"https:\/\/digalco.com\/pt-pt\/wp-json\/wp\/v2\/product"}],"about":[{"href":"https:\/\/digalco.com\/pt-pt\/wp-json\/wp\/v2\/types\/product"}],"wp:featuredmedia":[{"embeddable":true,"href":"https:\/\/digalco.com\/pt-pt\/wp-json\/wp\/v2\/media\/337134"}],"wp:attachment":[{"href":"https:\/\/digalco.com\/pt-pt\/wp-json\/wp\/v2\/media?parent=337145"}],"wp:term":[{"taxonomy":"product_brand","embeddable":true,"href":"https:\/\/digalco.com\/pt-pt\/wp-json\/wp\/v2\/product_brand?post=337145"},{"taxonomy":"product_cat","embeddable":true,"href":"https:\/\/digalco.com\/pt-pt\/wp-json\/wp\/v2\/product_cat?post=337145"},{"taxonomy":"product_tag","embeddable":true,"href":"https:\/\/digalco.com\/pt-pt\/wp-json\/wp\/v2\/product_tag?post=337145"}],"curies":[{"name":"wp","href":"https:\/\/api.w.org\/{rel}","templated":true}]}}