{"id":337784,"date":"2026-04-09T13:16:26","date_gmt":"2026-04-09T11:16:26","guid":{"rendered":"https:\/\/digalco.com\/tienda\/switch-hp-aruba-1830-jl814a-recondicionado-pt-14928\/"},"modified":"2026-04-09T13:16:30","modified_gmt":"2026-04-09T11:16:30","slug":"switch-hp-aruba-1830-jl814a-recondicionado-pt-14928","status":"publish","type":"product","link":"https:\/\/digalco.com\/pt-pt\/produto\/switch-hp-aruba-1830-jl814a-recondicionado-pt-14928\/","title":{"rendered":"Switch HP Aruba 1830 &#8211; JL814A | Recondicionado"},"content":{"rendered":"<p><strong>Geral impressora<\/strong><br \/>Switch<br \/><strong>Portos de rede<\/strong><br \/>48x Ethernet 1000 Mbps.<br \/>4x Fibra 1000 Mbps.<br \/><strong>Dimens\u00f5es<\/strong><br \/>44x25x4 cm.<br \/><strong>Peso<\/strong><br \/>3.00 Kg.<br \/><strong>Especifica\u00e7\u00f5es adicionais<\/strong><br \/>O HP Aruba 1830 JL814A \u00e9 concebido para empresas que procuram um switch potente, escal\u00e1vel e f\u00e1cil de gerir, ideal para ambientes de escrit\u00f3rio, campus ou pequenas sedes corporativas. A sua fiabilidade e efici\u00eancia garantem conectividade em toda a rede sem interrup\u00e7\u00f5es, oferecendo uma experi\u00eancia de utilizador fluida e est\u00e1vel.<br \/>Com 48 portas Gigabit Ethernet e 4 portas de fibra SFP de 1 Gbps, este switch fornece largura de banda ampla e segura para computadores, servidores, c\u00e2meras IP e pontos de acesso WiFi. O seu formato para montagem em rack permite uma instala\u00e7\u00e3o organizada e otimizada em arm\u00e1rios de rede, enquanto as fun\u00e7\u00f5es de gest\u00e3o avan\u00e7ada facilitam a configura\u00e7\u00e3o de VLAN, prioriza\u00e7\u00e3o de tr\u00e1fego e monitoriza\u00e7\u00e3o em tempo real.<br \/>O HP Aruba 1830 combina robustez, versatilidade e escalabilidade, tornando-se um pilar-chave de qualquer infraestrutura de rede profissional. Com este switch, a sua rede n\u00e3o ser\u00e1 apenas r\u00e1pida e est\u00e1vel, mas tamb\u00e9m estar\u00e1 pronta para crescer e adaptar-se a necessidades futuras, melhorando a produtividade e a conectividade em cada canto do seu neg\u00f3cio.<br \/>Boa apar\u00eancia exterior. Se tiver alguma d\u00favida, ligue-nos ou use o nosso chat para obter mais informa\u00e7\u00f5es ou solicitar mais detalhes.<br \/><strong>Coment\u00e1rios<\/strong><br \/><u>Switch \u00b7 Ethernet 48x 1000 Mbps. \u00b7 4x Fibra 1000 Mbps. \u00b7 Rack\u00e1vel<\/u><\/p>\n","protected":false},"excerpt":{"rendered":"<p>Switch \u00b7 Ethernet 48x 1000 Mbps. \u00b7 4x Fibra 1000 Mbps. \u00b7 Rack\u00e1vel [&#8230;]<\/p>\n<p><a class=\"btn btn-secondary understrap-read-more-link\" href=\"https:\/\/digalco.com\/pt-pt\/produto\/switch-hp-aruba-1830-jl814a-recondicionado-pt-14928\/\">Continuar a ler&#8230;<span class=\"screen-reader-text\"> from Switch HP Aruba 1830 &#8211; JL814A | Recondicionado<\/span><\/a><\/p>\n","protected":false},"featured_media":337778,"template":"","meta":[],"product_brand":[3854],"product_cat":[1663,3785],"product_tag":[],"class_list":{"0":"post-337784","1":"product","2":"type-product","3":"status-publish","4":"has-post-thumbnail","6":"product_brand-hp","7":"product_cat-networking-pt","8":"product_cat-networking-switches-pt","10":"first","11":"instock","12":"taxable","13":"shipping-taxable","14":"purchasable","15":"product-type-simple"},"bundled_by":[],"bundle_stock_status":"instock","bundle_stock_quantity":5,"bundle_virtual":false,"bundle_layout":"","bundle_add_to_cart_form_location":"","bundle_editable_in_cart":false,"bundle_sold_individually_context":"","bundle_item_grouping":"","bundle_min_size":"","bundle_max_size":"","bundle_price":[],"bundled_items":[],"bundle_sell_ids":[],"exclude_global_add_ons":[],"addons":[],"df_price":264,"df_sale_price":"","df_regular_price":264,"df_image_link":"https:\/\/digalco.com\/wp-content\/uploads\/images\/product\/14928\/hp03333_01-300x225.jpg","_links":{"self":[{"href":"https:\/\/digalco.com\/pt-pt\/wp-json\/wp\/v2\/product\/337784","targetHints":{"allow":["GET"]}}],"collection":[{"href":"https:\/\/digalco.com\/pt-pt\/wp-json\/wp\/v2\/product"}],"about":[{"href":"https:\/\/digalco.com\/pt-pt\/wp-json\/wp\/v2\/types\/product"}],"wp:featuredmedia":[{"embeddable":true,"href":"https:\/\/digalco.com\/pt-pt\/wp-json\/wp\/v2\/media\/337778"}],"wp:attachment":[{"href":"https:\/\/digalco.com\/pt-pt\/wp-json\/wp\/v2\/media?parent=337784"}],"wp:term":[{"taxonomy":"product_brand","embeddable":true,"href":"https:\/\/digalco.com\/pt-pt\/wp-json\/wp\/v2\/product_brand?post=337784"},{"taxonomy":"product_cat","embeddable":true,"href":"https:\/\/digalco.com\/pt-pt\/wp-json\/wp\/v2\/product_cat?post=337784"},{"taxonomy":"product_tag","embeddable":true,"href":"https:\/\/digalco.com\/pt-pt\/wp-json\/wp\/v2\/product_tag?post=337784"}],"curies":[{"name":"wp","href":"https:\/\/api.w.org\/{rel}","templated":true}]}}