{"id":337839,"date":"2026-04-09T13:28:43","date_gmt":"2026-04-09T11:28:43","guid":{"rendered":"https:\/\/digalco.com\/tienda\/switch-hp-aruba-1830-jl812a-recondicionado-pt-14929\/"},"modified":"2026-04-09T13:28:48","modified_gmt":"2026-04-09T11:28:48","slug":"switch-hp-aruba-1830-jl812a-recondicionado-pt-14929","status":"publish","type":"product","link":"https:\/\/digalco.com\/pt-pt\/produto\/switch-hp-aruba-1830-jl812a-recondicionado-pt-14929\/","title":{"rendered":"Switch HP Aruba 1830 &#8211; JL812A | Recondicionado"},"content":{"rendered":"<p><strong>Geral impressora<\/strong><br \/>Switch<br \/><strong>Portos de rede<\/strong><br \/>24x Ethernet 1000 Mbps.<br \/>2x Fibra 1000 Mbps.<br \/><strong>Dimens\u00f5es<\/strong><br \/>44x20x4 cm.<br \/><strong>Peso<\/strong><br \/>3.00 Kg.<br \/><strong>Especifica\u00e7\u00f5es adicionais<\/strong><br \/>O HP Aruba 1830 JL812A \u00e9 a solu\u00e7\u00e3o perfeita para empresas que procuram um switch fi\u00e1vel, f\u00e1cil de gerir e capaz de manter uma conectividade est\u00e1vel em ambientes profissionais. Ideal para escrit\u00f3rios, pequenas sedes e ambientes h\u00edbridos, permite criar redes r\u00e1pidas e organizadas que suportam m\u00faltiplos dispositivos sem interrup\u00e7\u00f5es.<br \/>Conta com 24 portas Gigabit Ethernet e 2 portas de fibra SFP de 1 Gbps, oferecendo conectividade de alto desempenho para computadores, servidores, c\u00e2meras IP e pontos de acesso WiFi. O seu design para montagem em rack garante uma instala\u00e7\u00e3o organizada e eficiente em arm\u00e1rios de rede, enquanto as fun\u00e7\u00f5es de gest\u00e3o avan\u00e7ada facilitam a configura\u00e7\u00e3o de VLAN, prioriza\u00e7\u00e3o de tr\u00e1fego e monitoriza\u00e7\u00e3o do desempenho de toda a rede a partir de uma \u00fanica plataforma.<br \/>Com o HP Aruba 1830 JL812A, a sua infraestrutura de rede torna-se mais robusta, escal\u00e1vel e vers\u00e1til, preparada para se adaptar ao crescimento do neg\u00f3cio. Este switch combina velocidade, estabilidade e facilidade de uso, garantindo uma experi\u00eancia de conex\u00e3o segura e eficiente que melhora a produtividade em qualquer ambiente profissional.<br \/>Boa apar\u00eancia exterior. Se tiver alguma d\u00favida, ligue-nos ou use o nosso chat para obter mais informa\u00e7\u00f5es ou solicitar mais detalhes.<br \/><strong>Coment\u00e1rios<\/strong><br \/><u>Switch \u00b7 Ethernet 24x 1000 Mbps. \u00b7 2x Fibra 1000 Mbps. \u00b7 Rack\u00e1vel<\/u><\/p>\n","protected":false},"excerpt":{"rendered":"<p>Switch \u00b7 Ethernet 24x 1000 Mbps. \u00b7 2x Fibra 1000 Mbps. \u00b7 Rack\u00e1vel [&#8230;]<\/p>\n<p><a class=\"btn btn-secondary understrap-read-more-link\" href=\"https:\/\/digalco.com\/pt-pt\/produto\/switch-hp-aruba-1830-jl812a-recondicionado-pt-14929\/\">Continuar a ler&#8230;<span class=\"screen-reader-text\"> from Switch HP Aruba 1830 &#8211; JL812A | Recondicionado<\/span><\/a><\/p>\n","protected":false},"featured_media":337833,"template":"","meta":[],"product_brand":[3854],"product_cat":[1663,3785],"product_tag":[],"class_list":{"0":"post-337839","1":"product","2":"type-product","3":"status-publish","4":"has-post-thumbnail","6":"product_brand-hp","7":"product_cat-networking-pt","8":"product_cat-networking-switches-pt","10":"first","11":"instock","12":"taxable","13":"shipping-taxable","14":"purchasable","15":"product-type-simple"},"bundled_by":[],"bundle_stock_status":"instock","bundle_stock_quantity":3,"bundle_virtual":false,"bundle_layout":"","bundle_add_to_cart_form_location":"","bundle_editable_in_cart":false,"bundle_sold_individually_context":"","bundle_item_grouping":"","bundle_min_size":"","bundle_max_size":"","bundle_price":[],"bundled_items":[],"bundle_sell_ids":[],"exclude_global_add_ons":[],"addons":[],"df_price":132,"df_sale_price":"","df_regular_price":132,"df_image_link":"https:\/\/digalco.com\/wp-content\/uploads\/images\/product\/14929\/hp03334_01-300x225.jpg","_links":{"self":[{"href":"https:\/\/digalco.com\/pt-pt\/wp-json\/wp\/v2\/product\/337839","targetHints":{"allow":["GET"]}}],"collection":[{"href":"https:\/\/digalco.com\/pt-pt\/wp-json\/wp\/v2\/product"}],"about":[{"href":"https:\/\/digalco.com\/pt-pt\/wp-json\/wp\/v2\/types\/product"}],"wp:featuredmedia":[{"embeddable":true,"href":"https:\/\/digalco.com\/pt-pt\/wp-json\/wp\/v2\/media\/337833"}],"wp:attachment":[{"href":"https:\/\/digalco.com\/pt-pt\/wp-json\/wp\/v2\/media?parent=337839"}],"wp:term":[{"taxonomy":"product_brand","embeddable":true,"href":"https:\/\/digalco.com\/pt-pt\/wp-json\/wp\/v2\/product_brand?post=337839"},{"taxonomy":"product_cat","embeddable":true,"href":"https:\/\/digalco.com\/pt-pt\/wp-json\/wp\/v2\/product_cat?post=337839"},{"taxonomy":"product_tag","embeddable":true,"href":"https:\/\/digalco.com\/pt-pt\/wp-json\/wp\/v2\/product_tag?post=337839"}],"curies":[{"name":"wp","href":"https:\/\/api.w.org\/{rel}","templated":true}]}}