{"id":343535,"date":"2026-04-20T13:44:25","date_gmt":"2026-04-20T11:44:25","guid":{"rendered":"https:\/\/digalco.com\/tienda\/hp-z2-g4-workstation-torre-recondicionado-core-i7-3ghz-64-gb-ram-1024-gb-ssd-m2-pt-13705\/"},"modified":"2026-04-20T13:44:35","modified_gmt":"2026-04-20T11:44:35","slug":"hp-z2-g4-workstation-torre-recondicionado-core-i7-3ghz-64-gb-ram-1024-gb-ssd-m2-pt-13705","status":"publish","type":"product","link":"https:\/\/digalco.com\/pt-pt\/produto\/hp-z2-g4-workstation-torre-recondicionado-core-i7-3ghz-64-gb-ram-1024-gb-ssd-m2-pt-13705\/","title":{"rendered":"HP Z2 G4 WorkStation Torre | Recondicionado | Core i7 3GHz | 64 GB RAM | 1024 GB SSD M2"},"content":{"rendered":"<p><strong>Processador<\/strong><br \/>Intel Core i7 9700 3 GHz.<br \/><strong>Fator de forma<\/strong><br \/>Torre<br \/><strong>Mem\u00f3ria RAM<\/strong><br \/>64 Gb. DDR4 ECC RAM<br \/><strong>Disco r\u00edgido<\/strong><br \/>1.00 Tb. SSD M2<br \/><strong>Cart\u00f5es<\/strong><br \/>Placa gr\u00e1fica: nVidia Quadro M4000 8GB GDDR5<br \/>Som: HD Audio<br \/>Network: Intel I219-LM<br \/><strong>Sistema operativo<\/strong><br \/>Windows 11 Pro<br \/><strong>Portos<\/strong><br \/>2x USB 2.0<br \/>6x USB 3.0<br \/><strong>Portas de v\u00eddeo<\/strong><br \/>4x Display Port<br \/><strong>Conectividade<\/strong><br \/>RJ-45<br \/><strong>Outros<\/strong><br \/>hR embalagens<br \/><strong>Dimens\u00f5es<\/strong><br \/>35.5x17x43.5 cm.<br \/><strong>Peso<\/strong><br \/>8.30 Kg.<br \/><strong>Especifica\u00e7\u00f5es adicionais<\/strong><br \/>A WorkStation HP Z2 G4 foi concebida para oferecer um elevado desempenho, precis\u00e3o e estabilidade em fluxos de trabalho intensivos. Equipada com um processador Intel Core i7-9700 de 3,0 GHz e 64 GB de mem\u00f3ria DDR4 ECC, oferece a velocidade e a seguran\u00e7a necess\u00e1rias para lidar com tarefas complexas, como modela\u00e7\u00e3o 3D, edi\u00e7\u00e3o profissional de v\u00eddeo, design CAD e simula\u00e7\u00f5es t\u00e9cnicas. O seu SSD M. 2 de 1 TB garante tempos de carregamento r\u00e1pidos e fluidez ao lidar com grandes volumes de dados. Em termos gr\u00e1ficos, a NVIDIA Quadro M4000 com 8 GB GDDR5 oferece um desempenho profissional certificado, ideal para software como o AutoCAD, Revit, Adobe Creative Suite e SolidWorks. Com Windows 11 Pro, TPM 2.0 e m\u00faltiplas op\u00e7\u00f5es de expans\u00e3o atrav\u00e9s de slots PCIe x16 e x4, a Z2 G4 \u00e9 uma workstation s\u00f3lida e escal\u00e1vel, pronta para responder eficazmente aos ambientes t\u00e9cnicos e criativos mais exigentes.Boa apar\u00eancia exterior. O arm\u00e1rio pode apresentar ligeiros sinais de desgaste. Veja &#8220;+ Fotos&#8221; e &#8220;V\u00eddeo&#8221; abaixo. Caso tenha alguma d\u00favida, ligue-nos ou utilize o nosso chat para obter mais informa\u00e7\u00f5es ou solicitar mais detalhes.<br \/><strong>Coment\u00e1rios<\/strong><br \/><u>nVidia Quadro M4000 8GB GDDR5 &#8211; 2PCIE X16 (1 Ocupado) \/ 2xpcie x4<\/u><\/p>\n","protected":false},"excerpt":{"rendered":"<p>Intel Core i7 9700 3 GHz. \u00b7 64 Gb. DDR4 ECC RAM \u00b7 1.00 Tb. SSD M2 \u00b7 <strong>Windows 11 Pro \u00b7<br \/>\nnVidia Quadro M4000 8GB GDDR5<\/strong> &#8211; <u>2PCIE X16 (1 Ocupado) \/ 2xpcie x4<\/u> [&#8230;]<\/p>\n<p><a class=\"btn btn-secondary understrap-read-more-link\" href=\"https:\/\/digalco.com\/pt-pt\/produto\/hp-z2-g4-workstation-torre-recondicionado-core-i7-3ghz-64-gb-ram-1024-gb-ssd-m2-pt-13705\/\">Continuar a ler&#8230;<span class=\"screen-reader-text\"> from HP Z2 G4 WorkStation Torre | Recondicionado | Core i7 3GHz | 64 GB RAM | 1024 GB SSD M2<\/span><\/a><\/p>\n","protected":false},"featured_media":343504,"template":"","meta":[],"product_brand":[3854],"product_cat":[1467,2421,1471],"product_tag":[],"class_list":{"0":"post-343535","1":"product","2":"type-product","3":"status-publish","4":"has-post-thumbnail","6":"product_brand-hp","7":"product_cat-computadores-pt","8":"product_cat-computadores-intel-core-i7-pt","9":"product_cat-computadores-workstations-pt","11":"first","12":"instock","13":"taxable","14":"shipping-taxable","15":"purchasable","16":"product-type-simple"},"bundled_by":[],"bundle_stock_status":"instock","bundle_stock_quantity":1,"bundle_virtual":false,"bundle_layout":"","bundle_add_to_cart_form_location":"","bundle_editable_in_cart":false,"bundle_sold_individually_context":"","bundle_item_grouping":"","bundle_min_size":"","bundle_max_size":"","bundle_price":[],"bundled_items":[],"bundle_sell_ids":[],"exclude_global_add_ons":true,"addons":{"webcam-upgrades":{"name":"Extens\u00e3o Webcam","type":"multiple_choice","position":0,"required":false,"title_format":"heading","default":"","description_enable":false,"description":"","placeholder_enable":false,"placeholder":"","display":"radiobutton","restrictions_type":"any_text","adjust_price":false,"price":"","price_type":"quantity_based","restrictions":false,"min":"0","max":"0","options":[{"label":"Conceptronic AMDIS FullHD [AMP00085]","price":"29.0000","price_type":"quantity_based","image":0,"visibility":true}]},"network-card-upgrades":{"name":"Extens\u00e3o WIFI","type":"multiple_choice","position":0,"required":false,"title_format":"heading","default":"","description_enable":false,"description":"","placeholder_enable":false,"placeholder":"","display":"radiobutton","restrictions_type":"any_text","adjust_price":false,"price":"","price_type":"quantity_based","restrictions":false,"min":"0","max":"0","options":[{"label":"Ampliaci\u00f3n a Tarj. Wi-Fi PCI [AMP00017]","price":"15.0000","price_type":"quantity_based","image":0,"visibility":true},{"label":"Ampliaci\u00f3n a Wireless nano USB [AMP00018]","price":"12.0000","price_type":"quantity_based","image":0,"visibility":true}]},"os-upgrades":{"name":"Extens\u00e3o OS","type":"multiple_choice","position":0,"required":false,"title_format":"heading","default":"","description_enable":false,"description":"","placeholder_enable":false,"placeholder":"","display":"radiobutton","restrictions_type":"any_text","adjust_price":false,"price":"","price_type":"quantity_based","restrictions":false,"min":"0","max":"0","options":[{"label":"Alterar idioma para franc\u00eas [AMP00125]","price":"0.0000","price_type":"quantity_based","image":0,"visibility":true},{"label":"Alterar idioma para ingl\u00eas [AMP00008]","price":"0.0000","price_type":"quantity_based","image":0,"visibility":true},{"label":"Alterar idioma para o portugu\u00eas [AMP00009]","price":"0.0000","price_type":"quantity_based","image":0,"visibility":true}]},"keyboard-upgrades":{"name":"Extens\u00e3o teclado","type":"multiple_choice","position":0,"required":false,"title_format":"heading","default":"","description_enable":false,"description":"","placeholder_enable":false,"placeholder":"","display":"radiobutton","restrictions_type":"any_text","adjust_price":false,"price":"","price_type":"quantity_based","restrictions":false,"min":"0","max":"0","options":[{"label":"Teclado e Mouse [AMP00020]","price":"8.0000","price_type":"quantity_based","image":0,"visibility":true},{"label":"Teclado e Mouse Portugu\u00e9s Nuevo [AMP00088]","price":"15.0000","price_type":"quantity_based","image":0,"visibility":true},{"label":"Teclado e mouse USB em espanhol (Novo) [AMP00068]","price":"12.0000","price_type":"quantity_based","image":0,"visibility":true}]}},"df_price":928,"df_sale_price":"","df_regular_price":928,"df_image_link":"https:\/\/digalco.com\/wp-content\/uploads\/images\/product\/13705\/hp03028_01-300x225.jpg","_links":{"self":[{"href":"https:\/\/digalco.com\/pt-pt\/wp-json\/wp\/v2\/product\/343535","targetHints":{"allow":["GET"]}}],"collection":[{"href":"https:\/\/digalco.com\/pt-pt\/wp-json\/wp\/v2\/product"}],"about":[{"href":"https:\/\/digalco.com\/pt-pt\/wp-json\/wp\/v2\/types\/product"}],"wp:featuredmedia":[{"embeddable":true,"href":"https:\/\/digalco.com\/pt-pt\/wp-json\/wp\/v2\/media\/343504"}],"wp:attachment":[{"href":"https:\/\/digalco.com\/pt-pt\/wp-json\/wp\/v2\/media?parent=343535"}],"wp:term":[{"taxonomy":"product_brand","embeddable":true,"href":"https:\/\/digalco.com\/pt-pt\/wp-json\/wp\/v2\/product_brand?post=343535"},{"taxonomy":"product_cat","embeddable":true,"href":"https:\/\/digalco.com\/pt-pt\/wp-json\/wp\/v2\/product_cat?post=343535"},{"taxonomy":"product_tag","embeddable":true,"href":"https:\/\/digalco.com\/pt-pt\/wp-json\/wp\/v2\/product_tag?post=343535"}],"curies":[{"name":"wp","href":"https:\/\/api.w.org\/{rel}","templated":true}]}}