{"id":347596,"date":"2026-04-24T12:29:37","date_gmt":"2026-04-24T10:29:37","guid":{"rendered":"https:\/\/digalco.com\/tienda\/armario-rack-clonico-armario-rack-12u-recondicionado-pt-14970\/"},"modified":"2026-04-24T13:33:16","modified_gmt":"2026-04-24T11:33:16","slug":"armario-rack-clonico-armario-rack-12u-recondicionado-pt-14970","status":"publish","type":"product","link":"https:\/\/digalco.com\/pt-pt\/produto\/armario-rack-clonico-armario-rack-12u-recondicionado-pt-14970\/","title":{"rendered":"Arm\u00e1rio Rack Clonico Armario Rack 12U | Recondicionado"},"content":{"rendered":"<p>Tipo: Rack de 19 polegadas &#8211; Altura do rack: 12U &#8211; Profundidade do rack: 40 cm &#8211; Dimens\u00f5es: Altura: 60 cm x Largura: 54 cm x Profundidade: 50 cm &#8211; Portes inclu\u00eddos at\u00e9 ao n\u00edvel da rua em toda a Espanha continental.<\/p>\n","protected":false},"excerpt":{"rendered":"<p>Tipo: Rack de 19 polegadas &#8211; Altura do rack: 12U &#8211; Profundidade do rack: 40 cm &#8211; Dimens\u00f5es: Altura: 60 cm x Largura: 54 cm x Profundidade: 50 cm &#8211; Portes inclu\u00eddos at\u00e9 ao n\u00edvel da rua em toda a Espanha continental. [&#8230;]<\/p>\n<p><a class=\"btn btn-secondary understrap-read-more-link\" href=\"https:\/\/digalco.com\/pt-pt\/produto\/armario-rack-clonico-armario-rack-12u-recondicionado-pt-14970\/\">Continuar a ler&#8230;<span class=\"screen-reader-text\"> from Arm\u00e1rio Rack Clonico Armario Rack 12U | Recondicionado<\/span><\/a><\/p>\n","protected":false},"featured_media":347570,"template":"","meta":[],"product_brand":[3880],"product_cat":[1859],"product_tag":[],"class_list":{"0":"post-347596","1":"product","2":"type-product","3":"status-publish","4":"has-post-thumbnail","6":"product_brand-clonico","7":"product_cat-armarios-de-rack-pt","9":"first","10":"instock","11":"taxable","12":"shipping-taxable","13":"purchasable","14":"product-type-simple"},"bundled_by":[],"bundle_stock_status":"instock","bundle_stock_quantity":1,"bundle_virtual":false,"bundle_layout":"","bundle_add_to_cart_form_location":"","bundle_editable_in_cart":false,"bundle_sold_individually_context":"","bundle_item_grouping":"","bundle_min_size":"","bundle_max_size":"","bundle_price":[],"bundled_items":[],"bundle_sell_ids":[],"exclude_global_add_ons":[],"addons":[],"df_price":235,"df_sale_price":"","df_regular_price":235,"df_image_link":"https:\/\/digalco.com\/wp-content\/uploads\/images\/product\/14970\/clon00164_01-300x225.jpg","_links":{"self":[{"href":"https:\/\/digalco.com\/pt-pt\/wp-json\/wp\/v2\/product\/347596","targetHints":{"allow":["GET"]}}],"collection":[{"href":"https:\/\/digalco.com\/pt-pt\/wp-json\/wp\/v2\/product"}],"about":[{"href":"https:\/\/digalco.com\/pt-pt\/wp-json\/wp\/v2\/types\/product"}],"wp:featuredmedia":[{"embeddable":true,"href":"https:\/\/digalco.com\/pt-pt\/wp-json\/wp\/v2\/media\/347570"}],"wp:attachment":[{"href":"https:\/\/digalco.com\/pt-pt\/wp-json\/wp\/v2\/media?parent=347596"}],"wp:term":[{"taxonomy":"product_brand","embeddable":true,"href":"https:\/\/digalco.com\/pt-pt\/wp-json\/wp\/v2\/product_brand?post=347596"},{"taxonomy":"product_cat","embeddable":true,"href":"https:\/\/digalco.com\/pt-pt\/wp-json\/wp\/v2\/product_cat?post=347596"},{"taxonomy":"product_tag","embeddable":true,"href":"https:\/\/digalco.com\/pt-pt\/wp-json\/wp\/v2\/product_tag?post=347596"}],"curies":[{"name":"wp","href":"https:\/\/api.w.org\/{rel}","templated":true}]}}