{"id":348951,"date":"2026-04-26T18:19:52","date_gmt":"2026-04-26T16:19:52","guid":{"rendered":"https:\/\/digalco.com\/tienda\/impressora-laser-ricoh-mp305-recondicionado-pt-14952\/"},"modified":"2026-04-26T18:19:56","modified_gmt":"2026-04-26T16:19:56","slug":"impressora-laser-ricoh-mp305-recondicionado-pt-14952","status":"publish","type":"product","link":"https:\/\/digalco.com\/pt-pt\/produto\/impressora-laser-ricoh-mp305-recondicionado-pt-14952\/","title":{"rendered":"Impressora L\u00e1ser Ricoh MP305+ | Recondicionado"},"content":{"rendered":"<p><strong>Geral impressora<\/strong><br \/>Mem\u00f3ria RAM 2048Mb.<br \/>Linguagem da impressora PCL6<br \/><strong>Multifuncional<\/strong><br \/>Resolu\u00e7\u00e3o do scanner 600dpi<br \/><strong>C\u00f3pias<\/strong><br \/>Primeira p\u00e1gina 4.9 s<br \/>Preto e branco 30 ppm<br \/><strong>Manuseio de papel<\/strong><br \/>Duplo<br \/>ADF: 50 folhas<br \/>Bandeja: 250 folhas<br \/><strong>Conectividade impressora<\/strong><br \/>USB, Rede<br \/><strong>Outros<\/strong><br \/>hR embalagens<br \/><strong>Dimens\u00f5es<\/strong><br \/>35x49x50 cm.<br \/><strong>Peso<\/strong><br \/>32.00 Kg.<br \/><strong>Especifica\u00e7\u00f5es adicionais<\/strong><br \/><b>Estas m\u00e1quinas s\u00e3o fornecidas com garantia de 7 dias.<\/b> Especialmente direcionadas a profissionais de impress\u00e3o que, atrav\u00e9s da sua qualifica\u00e7\u00e3o, possam acrescentar valor adicional ao cliente final. Funcionam corretamente e s\u00e3o fornecidas completas e sem danos. N\u00e3o inclui cabos.&nbsp;<br \/><b>Controlo de qualidade\/testes de laborat\u00f3rio: <\/b>P\u00e1gina de teste inclu\u00edda (teste de impress\u00e3o a partir da pr\u00f3pria m\u00e1quina). Testes de impress\u00e3o a partir de todas as portas da m\u00e1quina. Testes de impress\u00e3o a partir de todas as bandejas. Toner usado (original\/compat\u00edvel). Sem garantia.<br \/>Bom aspeto exterior. Se tiver alguma d\u00favida, ligue-nos ou use o nosso chat para obter mais informa\u00e7\u00f5es ou solicitar mais detalhes.<\/p>\n","protected":false},"excerpt":{"rendered":"<p>Tamanho do papel A3 \u00b7 Duplo \u00b7 Preto e branco 30ppm \u00b7 Mem\u00f3ria RAM 2048Mb. \u00b7 USB, Rede \u00b7 Bandejas: 1&#215;250 folhas [&#8230;]<\/p>\n<p><a class=\"btn btn-secondary understrap-read-more-link\" href=\"https:\/\/digalco.com\/pt-pt\/produto\/impressora-laser-ricoh-mp305-recondicionado-pt-14952\/\">Continuar a ler&#8230;<span class=\"screen-reader-text\"> from Impressora L\u00e1ser Ricoh MP305+ | Recondicionado<\/span><\/a><\/p>\n","protected":false},"featured_media":348940,"template":"","meta":[],"product_brand":[3884],"product_cat":[1671,1703],"product_tag":[],"class_list":{"0":"post-348951","1":"product","2":"type-product","3":"status-publish","4":"has-post-thumbnail","6":"product_brand-ricoh","7":"product_cat-impressoras-pt","8":"product_cat-impressoras-multifuncional-pt","10":"first","11":"instock","12":"taxable","13":"shipping-taxable","14":"purchasable","15":"product-type-simple"},"bundled_by":[],"bundle_stock_status":"instock","bundle_stock_quantity":2,"bundle_virtual":false,"bundle_layout":"","bundle_add_to_cart_form_location":"","bundle_editable_in_cart":false,"bundle_sold_individually_context":"","bundle_item_grouping":"","bundle_min_size":"","bundle_max_size":"","bundle_price":[],"bundled_items":[],"bundle_sell_ids":[],"exclude_global_add_ons":[],"addons":[],"df_price":233,"df_sale_price":"","df_regular_price":233,"df_image_link":"https:\/\/digalco.com\/wp-content\/uploads\/images\/product\/14952\/rico00016_01-300x225.jpg","_links":{"self":[{"href":"https:\/\/digalco.com\/pt-pt\/wp-json\/wp\/v2\/product\/348951","targetHints":{"allow":["GET"]}}],"collection":[{"href":"https:\/\/digalco.com\/pt-pt\/wp-json\/wp\/v2\/product"}],"about":[{"href":"https:\/\/digalco.com\/pt-pt\/wp-json\/wp\/v2\/types\/product"}],"wp:featuredmedia":[{"embeddable":true,"href":"https:\/\/digalco.com\/pt-pt\/wp-json\/wp\/v2\/media\/348940"}],"wp:attachment":[{"href":"https:\/\/digalco.com\/pt-pt\/wp-json\/wp\/v2\/media?parent=348951"}],"wp:term":[{"taxonomy":"product_brand","embeddable":true,"href":"https:\/\/digalco.com\/pt-pt\/wp-json\/wp\/v2\/product_brand?post=348951"},{"taxonomy":"product_cat","embeddable":true,"href":"https:\/\/digalco.com\/pt-pt\/wp-json\/wp\/v2\/product_cat?post=348951"},{"taxonomy":"product_tag","embeddable":true,"href":"https:\/\/digalco.com\/pt-pt\/wp-json\/wp\/v2\/product_tag?post=348951"}],"curies":[{"name":"wp","href":"https:\/\/api.w.org\/{rel}","templated":true}]}}