{"id":350438,"date":"2026-04-28T09:51:39","date_gmt":"2026-04-28T07:51:39","guid":{"rendered":"https:\/\/digalco.com\/tienda\/opcao-portatil-panasonic-bateria-toughpad-fz-g1-recondicionado-pt-9694\/"},"modified":"2026-04-28T09:51:43","modified_gmt":"2026-04-28T07:51:43","slug":"opcao-portatil-panasonic-bateria-toughpad-fz-g1-recondicionado-pt-9694","status":"publish","type":"product","link":"https:\/\/digalco.com\/pt-pt\/produto\/opcao-portatil-panasonic-bateria-toughpad-fz-g1-recondicionado-pt-9694\/","title":{"rendered":"Op\u00e7\u00e3o port\u00e1til Panasonic Bater\u00eda ToughPad FZ-G1 | Recondicionado"},"content":{"rendered":"","protected":false},"excerpt":{"rendered":"<p>Bateria para PANASONIC ToughPad FZ-G1 [&#8230;]<\/p>\n<p><a class=\"btn btn-secondary understrap-read-more-link\" href=\"https:\/\/digalco.com\/pt-pt\/produto\/opcao-portatil-panasonic-bateria-toughpad-fz-g1-recondicionado-pt-9694\/\">Continuar a ler&#8230;<span class=\"screen-reader-text\"> from Op\u00e7\u00e3o port\u00e1til Panasonic Bater\u00eda ToughPad FZ-G1 | Recondicionado<\/span><\/a><\/p>\n","protected":false},"featured_media":350437,"template":"","meta":[],"product_brand":[3873],"product_cat":[3049,1515,3045],"product_tag":[],"class_list":{"0":"post-350438","1":"product","2":"type-product","3":"status-publish","4":"has-post-thumbnail","6":"product_brand-panasonic","7":"product_cat-laptops-opcaos-baterias-pt","8":"product_cat-laptops-pt","9":"product_cat-laptops-opcaos-pt","11":"first","12":"instock","13":"taxable","14":"shipping-taxable","15":"purchasable","16":"product-type-simple"},"bundled_by":[],"bundle_stock_status":"instock","bundle_stock_quantity":2,"bundle_virtual":false,"bundle_layout":"","bundle_add_to_cart_form_location":"","bundle_editable_in_cart":false,"bundle_sold_individually_context":"","bundle_item_grouping":"","bundle_min_size":"","bundle_max_size":"","bundle_price":[],"bundled_items":[],"bundle_sell_ids":[],"exclude_global_add_ons":[],"addons":[],"df_price":100,"df_sale_price":"","df_regular_price":100,"df_image_link":"https:\/\/digalco.com\/wp-content\/uploads\/images\/product\/9694\/pana00071_01-300x225.jpg","_links":{"self":[{"href":"https:\/\/digalco.com\/pt-pt\/wp-json\/wp\/v2\/product\/350438","targetHints":{"allow":["GET"]}}],"collection":[{"href":"https:\/\/digalco.com\/pt-pt\/wp-json\/wp\/v2\/product"}],"about":[{"href":"https:\/\/digalco.com\/pt-pt\/wp-json\/wp\/v2\/types\/product"}],"wp:featuredmedia":[{"embeddable":true,"href":"https:\/\/digalco.com\/pt-pt\/wp-json\/wp\/v2\/media\/350437"}],"wp:attachment":[{"href":"https:\/\/digalco.com\/pt-pt\/wp-json\/wp\/v2\/media?parent=350438"}],"wp:term":[{"taxonomy":"product_brand","embeddable":true,"href":"https:\/\/digalco.com\/pt-pt\/wp-json\/wp\/v2\/product_brand?post=350438"},{"taxonomy":"product_cat","embeddable":true,"href":"https:\/\/digalco.com\/pt-pt\/wp-json\/wp\/v2\/product_cat?post=350438"},{"taxonomy":"product_tag","embeddable":true,"href":"https:\/\/digalco.com\/pt-pt\/wp-json\/wp\/v2\/product_tag?post=350438"}],"curies":[{"name":"wp","href":"https:\/\/api.w.org\/{rel}","templated":true}]}}