{"id":350992,"date":"2026-04-29T09:49:14","date_gmt":"2026-04-29T07:49:14","guid":{"rendered":"https:\/\/digalco.com\/tienda\/ncr-realpos-xr7-19-aio-recondicionado-core-i5-36ghz-8-gb-ram-180-gb-ssd-pt-15121\/"},"modified":"2026-04-29T10:03:19","modified_gmt":"2026-04-29T08:03:19","slug":"ncr-realpos-xr7-19-aio-recondicionado-core-i5-36ghz-8-gb-ram-180-gb-ssd-pt-15121","status":"publish","type":"product","link":"https:\/\/digalco.com\/pt-pt\/produto\/ncr-realpos-xr7-19-aio-recondicionado-core-i5-36ghz-8-gb-ram-180-gb-ssd-pt-15121\/","title":{"rendered":"NCR RealPOS XR7 19&#8243; AIO | Recondicionado | Core i5 3.6GHz | 8 GB RAM | 180 GB SSD"},"content":{"rendered":"<p><strong>Processador<\/strong><br \/>Intel Core i5 4570T 3.6 GHz.<br \/><strong>Fator de forma<\/strong><br \/>AIO<br \/><strong>Mem\u00f3ria RAM<\/strong><br \/>8 Gb. SO-DDR3 RAM<br \/><strong>Disco r\u00edgido<\/strong><br \/>180 Gb. SSD<br \/><strong>Cart\u00f5es<\/strong><br \/>Placa gr\u00e1fica: Intel HD 4600<br \/>Som: Realtek High Definition Audio<br \/>Network: Intel I219-LM<br \/><strong>Sistema operativo<\/strong><br \/>Windows 11 Home<br \/><strong>Portos<\/strong><br \/>2x USB 3.0<br \/><strong>Tela<\/strong><br \/>T\u00e1til 19 &#8221; HD 4:3  \u00b7 Resolu\u00e7\u00e3o 1024&#215;768<br \/><strong>Portas de v\u00eddeo<\/strong><br \/>HDMI<br \/>Display Port<br \/><strong>Espec\u00edfico tela<\/strong><br \/>Fonte alimenta\u00e7\u00e3o externa<br \/><strong>Conectividade<\/strong><br \/>RJ-45<br \/><strong>Outros<\/strong><br \/>hR embalagens<br \/><strong>Dimens\u00f5es<\/strong><br \/>42x40x40 cm.<br \/><strong>Peso<\/strong><br \/>7.00 Kg.<br \/><strong>Especifica\u00e7\u00f5es adicionais<\/strong><br \/>O NCR RealPOS XR7 de 19\u201d \u00e9 um TPV\/POS de alto n\u00edvel pensado para neg\u00f3cios que n\u00e3o podem permitir falhas na sua opera\u00e7\u00e3o di\u00e1ria. O seu design robusto e a sua abordagem profissional tornam-no numa solu\u00e7\u00e3o especialmente adequada para ambientes de hotelaria, retail e com\u00e9rcios com alta rota\u00e7\u00e3o, onde a estabilidade faz a diferen\u00e7a.<br \/>Equipado com processador Intel Core i5, 8 GB de mem\u00f3ria RAM e armazenamento SSD, este equipamento garante um funcionamento r\u00e1pido e fluido em todo o tipo de software TPV. A gest\u00e3o de vendas, pagamentos e controlo de stock \u00e9 realizada com total agilidade, reduzindo tempos de espera e melhorando a experi\u00eancia tanto do utilizador como do cliente final.<br \/>Ao contr\u00e1rio de outras configura\u00e7\u00f5es, este modelo incorpora o Windows 10 Home pr\u00e9-instalado, o que permite uma coloca\u00e7\u00e3o em funcionamento imediata, maior compatibilidade com aplica\u00e7\u00f5es profissionais e um ambiente seguro e otimizado desde o primeiro momento. Uma vantagem chave para quem procura um TPV pronto a trabalhar sem complica\u00e7\u00f5es.<br \/>O seu ecr\u00e3 t\u00e1til de 19\u201d em formato 4:3 est\u00e1 especialmente desenhado para aplica\u00e7\u00f5es POS, oferecendo uma visualiza\u00e7\u00e3o clara, confort\u00e1vel e muito funcional, ideal para jornadas intensivas de trabalho.<br \/>No que diz respeito \u00e0 conectividade, destaca-se pelas suas portas USB alimentadas (12V e 24V) e liga\u00e7\u00e3o para gaveta de dinheiro, facilitando a integra\u00e7\u00e3o direta de perif\u00e9ricos essenciais como impressoras de tal\u00f5es, leitores ou visores.<br \/><u>Relativamente aos requisitos atuais do sistema, este modelo n\u00e3o inclui um m\u00f3dulo TPM 2.0, que \u00e9 o padr\u00e3o recomendado para dispositivos de nova gera\u00e7\u00e3o. No entanto, o sistema operativo \u00e9 totalmente funcional e opera normalmente, permitindo uma utiliza\u00e7\u00e3o est\u00e1vel em ambientes reais sem afetar o desempenho ou a experi\u00eancia do utilizador.<\/u><br \/>No conjunto, trata-se de um TPV fi\u00e1vel, potente e preparado para uso cont\u00ednuo, que aporta seguran\u00e7a, efici\u00eancia e rentabilidade a qualquer neg\u00f3cio que necessite de um sistema POS s\u00f3lido e duradouro.<br \/>Bom aspeto exterior. Veja em \u201c+ Fotos\u201d e &#8220;V\u00eddeo&#8221; e se tiver alguma d\u00favida ligue-nos ou utilize o nosso chat para ampliar a informa\u00e7\u00e3o ou para solicitar mais detalhes.<br \/><strong>Coment\u00e1rios<\/strong><br \/><u>3xUSB 2.0 12V \/ 1xUSB 2.0 24V \/ 2xUSB 3.0 \u2013 1xporta gaveta de dinheiro<\/u><\/p>\n","protected":false},"excerpt":{"rendered":"<p>Intel Core i5 4570T 3.6 GHz. \u00b7 8 Gb. SO-DDR3 RAM \u00b7 180 Gb. SSD \u00b7 <strong>Windows 11 Home<\/strong> (N\u00e3o tem um chip TPM 2.0)\u00b7 <strong>T\u00e1til 19 &#8221; HD<\/strong> 4:3 \u00b7<br \/>\n<u>3xUSB 2.0 12V \/ 1xUSB 2.0 24V \/ 2xUSB 3.0 \u2013 1xporta gaveta de dinheiro<\/u> [&#8230;]<\/p>\n<p><a class=\"btn btn-secondary understrap-read-more-link\" href=\"https:\/\/digalco.com\/pt-pt\/produto\/ncr-realpos-xr7-19-aio-recondicionado-core-i5-36ghz-8-gb-ram-180-gb-ssd-pt-15121\/\">Continuar a ler&#8230;<span class=\"screen-reader-text\"> from NCR RealPOS XR7 19&#8243; AIO | Recondicionado | Core i5 3.6GHz | 8 GB RAM | 180 GB SSD<\/span><\/a><\/p>\n","protected":false},"featured_media":350946,"template":"","meta":[],"product_brand":[3867],"product_cat":[1595,1599],"product_tag":[],"class_list":{"0":"post-350992","1":"product","2":"type-product","3":"status-publish","4":"has-post-thumbnail","6":"product_brand-ncr","7":"product_cat-pos-pt","8":"product_cat-pos-all-in-one-pt","10":"first","11":"outofstock","12":"taxable","13":"shipping-taxable","14":"purchasable","15":"product-type-simple"},"bundled_by":[],"bundle_stock_status":"outofstock","bundle_stock_quantity":0,"bundle_virtual":false,"bundle_layout":"","bundle_add_to_cart_form_location":"","bundle_editable_in_cart":false,"bundle_sold_individually_context":"","bundle_item_grouping":"","bundle_min_size":"","bundle_max_size":"","bundle_price":[],"bundled_items":[],"bundle_sell_ids":[],"exclude_global_add_ons":true,"addons":{"peripheral-upgrades":{"name":"Extens\u00e3o Perif\u00e9rico","type":"multiple_choice","position":0,"required":false,"title_format":"heading","default":"","description_enable":false,"description":"","placeholder_enable":false,"placeholder":"","display":"radiobutton","restrictions_type":"any_text","adjust_price":false,"price":"","price_type":"quantity_based","restrictions":false,"min":"0","max":"0","options":[{"label":"Gaveta de dinheiro autom\u00e1tica 41 cm. Ocasi\u00f3n [AMP00140]","price":"45.0000","price_type":"quantity_based","image":0,"visibility":true}]},"webcam-upgrades":{"name":"Extens\u00e3o Webcam","type":"multiple_choice","position":0,"required":false,"title_format":"heading","default":"","description_enable":false,"description":"","placeholder_enable":false,"placeholder":"","display":"radiobutton","restrictions_type":"any_text","adjust_price":false,"price":"","price_type":"quantity_based","restrictions":false,"min":"0","max":"0","options":[{"label":"Conceptronic AMDIS FullHD [AMP00085]","price":"29.0000","price_type":"quantity_based","image":0,"visibility":true}]},"ram-memory-upgrades":{"name":"Extens\u00e3o RAM","type":"multiple_choice","position":0,"required":false,"title_format":"heading","default":"","description_enable":false,"description":"","placeholder_enable":false,"placeholder":"","display":"radiobutton","restrictions_type":"any_text","adjust_price":false,"price":"","price_type":"quantity_based","restrictions":false,"min":"0","max":"0","options":[{"label":"Extens\u00e3o SODIM RAM 16 Gb DDR3 [AMP00004]","price":"50.0000","price_type":"quantity_based","image":0,"visibility":true}]},"hdd-upgrades":{"name":"Extens\u00e3o disco r\u00edgido","type":"multiple_choice","position":0,"required":false,"title_format":"heading","default":"","description_enable":false,"description":"","placeholder_enable":false,"placeholder":"","display":"radiobutton","restrictions_type":"any_text","adjust_price":false,"price":"","price_type":"quantity_based","restrictions":false,"min":"0","max":"0","options":[{"label":"Cambio a Disco SSD 240 Gb. [AMP00013]","price":"35.0000","price_type":"quantity_based","image":0,"visibility":true},{"label":"Cambio a Disco SSD 480 Gb. [AMP00014]","price":"59.0000","price_type":"quantity_based","image":0,"visibility":true},{"label":"Cambio a Disco SSD 1 Tb. [AMP00071]","price":"95.0000","price_type":"quantity_based","image":0,"visibility":true}]},"network-card-upgrades":{"name":"Extens\u00e3o WIFI","type":"multiple_choice","position":0,"required":false,"title_format":"heading","default":"","description_enable":false,"description":"","placeholder_enable":false,"placeholder":"","display":"radiobutton","restrictions_type":"any_text","adjust_price":false,"price":"","price_type":"quantity_based","restrictions":false,"min":"0","max":"0","options":[{"label":"Ampliaci\u00f3n a Wireless nano USB [AMP00018]","price":"12.0000","price_type":"quantity_based","image":0,"visibility":true}]},"os-upgrades":{"name":"Extens\u00e3o OS","type":"multiple_choice","position":0,"required":false,"title_format":"heading","default":"","description_enable":false,"description":"","placeholder_enable":false,"placeholder":"","display":"radiobutton","restrictions_type":"any_text","adjust_price":false,"price":"","price_type":"quantity_based","restrictions":false,"min":"0","max":"0","options":[{"label":"Alterar idioma para franc\u00eas [AMP00125]","price":"0.0000","price_type":"quantity_based","image":0,"visibility":true},{"label":"Alterar idioma para ingl\u00eas [AMP00008]","price":"0.0000","price_type":"quantity_based","image":0,"visibility":true},{"label":"Alterar idioma para o portugu\u00eas [AMP00009]","price":"0.0000","price_type":"quantity_based","image":0,"visibility":true}]},"keyboard-upgrades":{"name":"Extens\u00e3o teclado","type":"multiple_choice","position":0,"required":false,"title_format":"heading","default":"","description_enable":false,"description":"","placeholder_enable":false,"placeholder":"","display":"radiobutton","restrictions_type":"any_text","adjust_price":false,"price":"","price_type":"quantity_based","restrictions":false,"min":"0","max":"0","options":[{"label":"Teclado e Mouse [AMP00020]","price":"8.0000","price_type":"quantity_based","image":0,"visibility":true},{"label":"Teclado e Mouse Portugu\u00e9s Nuevo [AMP00088]","price":"15.0000","price_type":"quantity_based","image":0,"visibility":true},{"label":"Teclado e mouse USB em espanhol (Novo) [AMP00068]","price":"12.0000","price_type":"quantity_based","image":0,"visibility":true}]}},"df_price":368,"df_sale_price":"","df_regular_price":368,"df_image_link":"https:\/\/digalco.com\/wp-content\/uploads\/images\/product\/15121\/ncr00033_01-300x225.jpg","_links":{"self":[{"href":"https:\/\/digalco.com\/pt-pt\/wp-json\/wp\/v2\/product\/350992","targetHints":{"allow":["GET"]}}],"collection":[{"href":"https:\/\/digalco.com\/pt-pt\/wp-json\/wp\/v2\/product"}],"about":[{"href":"https:\/\/digalco.com\/pt-pt\/wp-json\/wp\/v2\/types\/product"}],"wp:featuredmedia":[{"embeddable":true,"href":"https:\/\/digalco.com\/pt-pt\/wp-json\/wp\/v2\/media\/350946"}],"wp:attachment":[{"href":"https:\/\/digalco.com\/pt-pt\/wp-json\/wp\/v2\/media?parent=350992"}],"wp:term":[{"taxonomy":"product_brand","embeddable":true,"href":"https:\/\/digalco.com\/pt-pt\/wp-json\/wp\/v2\/product_brand?post=350992"},{"taxonomy":"product_cat","embeddable":true,"href":"https:\/\/digalco.com\/pt-pt\/wp-json\/wp\/v2\/product_cat?post=350992"},{"taxonomy":"product_tag","embeddable":true,"href":"https:\/\/digalco.com\/pt-pt\/wp-json\/wp\/v2\/product_tag?post=350992"}],"curies":[{"name":"wp","href":"https:\/\/api.w.org\/{rel}","templated":true}]}}