{"id":353047,"date":"2026-04-30T10:49:28","date_gmt":"2026-04-30T08:49:28","guid":{"rendered":"https:\/\/digalco.com\/tienda\/leitor-codigo-de-barras-honeywell-voyager-1200g-recondicionado-pt-14953\/"},"modified":"2026-04-30T10:49:33","modified_gmt":"2026-04-30T08:49:33","slug":"leitor-codigo-de-barras-honeywell-voyager-1200g-recondicionado-pt-14953","status":"publish","type":"product","link":"https:\/\/digalco.com\/pt-pt\/produto\/leitor-codigo-de-barras-honeywell-voyager-1200g-recondicionado-pt-14953\/","title":{"rendered":"Leitor c\u00f3digo de barras Honeywell Voyager 1200G | Recondicionado"},"content":{"rendered":"<p><b>Dimens\u00f5es<\/b><br \/>66 mm x 180 mm x 97 mm<br \/><b>Peso<\/b><br \/>125 g<br \/><b>Tens\u00e3o de entrada<\/b><br \/>5 V +\/- 5%<br \/><b>Consumo de energia em funcionamento<\/b><br \/>700 mW; 140 mA a 5 V<br \/><b>Interface<\/b><br \/>USB<br \/><b>Temperatura de funcionamento<\/b><br \/>0 \u00b0C a 50 \u00b0C<br \/><b>Umidade<\/b><br \/>0% a 95% sem condensa\u00e7\u00e3o<br \/><b>Resist\u00eancia a quedas<\/b><br \/>30 quedas em bet\u00e3o de 1,5 m<br \/><b>Classifica\u00e7\u00e3o de prote\u00e7\u00e3o IP<\/b><br \/>IP42<br \/><b>Velocidade de leitura<\/b><br \/>100 linhas por segundo<br \/><b>\u00c2ngulo de leitura<\/b><br \/>Horizontal: 30\u00b0<br \/><b>Fun\u00e7\u00f5es de descodifica\u00e7\u00e3o<\/b><br \/>L\u00ea simbologias standard GS1 e 1D DataBar<\/p>\n","protected":false},"excerpt":{"rendered":"<p>Leitor de c\u00f3digo de barras a laser de linha \u00fanica &#8211; Design ergon\u00f4mico e robusto &#8211; Interface USB &#8211; F\u00e1cil configura\u00e7\u00e3o autom\u00e1tica [&#8230;]<\/p>\n<p><a class=\"btn btn-secondary understrap-read-more-link\" href=\"https:\/\/digalco.com\/pt-pt\/produto\/leitor-codigo-de-barras-honeywell-voyager-1200g-recondicionado-pt-14953\/\">Continuar a ler&#8230;<span class=\"screen-reader-text\"> from Leitor c\u00f3digo de barras Honeywell Voyager 1200G | Recondicionado<\/span><\/a><\/p>\n","protected":false},"featured_media":353041,"template":"","meta":[],"product_brand":[3872],"product_cat":[1611,1595],"product_tag":[],"class_list":{"0":"post-353047","1":"product","2":"type-product","3":"status-publish","4":"has-post-thumbnail","6":"product_brand-honeywell","7":"product_cat-pos-leitor-cod-barras-pt","8":"product_cat-pos-pt","10":"first","11":"instock","12":"taxable","13":"shipping-taxable","14":"purchasable","15":"product-type-simple"},"bundled_by":[],"bundle_stock_status":"instock","bundle_stock_quantity":30,"bundle_virtual":false,"bundle_layout":"","bundle_add_to_cart_form_location":"","bundle_editable_in_cart":false,"bundle_sold_individually_context":"","bundle_item_grouping":"","bundle_min_size":"","bundle_max_size":"","bundle_price":[],"bundled_items":[],"bundle_sell_ids":[],"exclude_global_add_ons":[],"addons":[],"df_price":30,"df_sale_price":"","df_regular_price":30,"df_image_link":"https:\/\/digalco.com\/wp-content\/uploads\/images\/product\/14953\/hnw00009_01-300x225.jpg","_links":{"self":[{"href":"https:\/\/digalco.com\/pt-pt\/wp-json\/wp\/v2\/product\/353047","targetHints":{"allow":["GET"]}}],"collection":[{"href":"https:\/\/digalco.com\/pt-pt\/wp-json\/wp\/v2\/product"}],"about":[{"href":"https:\/\/digalco.com\/pt-pt\/wp-json\/wp\/v2\/types\/product"}],"wp:featuredmedia":[{"embeddable":true,"href":"https:\/\/digalco.com\/pt-pt\/wp-json\/wp\/v2\/media\/353041"}],"wp:attachment":[{"href":"https:\/\/digalco.com\/pt-pt\/wp-json\/wp\/v2\/media?parent=353047"}],"wp:term":[{"taxonomy":"product_brand","embeddable":true,"href":"https:\/\/digalco.com\/pt-pt\/wp-json\/wp\/v2\/product_brand?post=353047"},{"taxonomy":"product_cat","embeddable":true,"href":"https:\/\/digalco.com\/pt-pt\/wp-json\/wp\/v2\/product_cat?post=353047"},{"taxonomy":"product_tag","embeddable":true,"href":"https:\/\/digalco.com\/pt-pt\/wp-json\/wp\/v2\/product_tag?post=353047"}],"curies":[{"name":"wp","href":"https:\/\/api.w.org\/{rel}","templated":true}]}}