{"id":353157,"date":"2026-04-30T11:33:31","date_gmt":"2026-04-30T09:33:31","guid":{"rendered":"https:\/\/digalco.com\/tienda\/leitor-codigo-de-barras-metrologic-ms9535-recondicionado-pt-14956\/"},"modified":"2026-04-30T11:33:35","modified_gmt":"2026-04-30T09:33:35","slug":"leitor-codigo-de-barras-metrologic-ms9535-recondicionado-pt-14956","status":"publish","type":"product","link":"https:\/\/digalco.com\/pt-pt\/produto\/leitor-codigo-de-barras-metrologic-ms9535-recondicionado-pt-14956\/","title":{"rendered":"Leitor c\u00f3digo de barras Metrologic MS9535 | Recondicionado"},"content":{"rendered":"<p><b>Padr\u00e3o de leitura:<\/b><br \/>Linha de leitura \u00fanica.<br \/><b>Velocidade de leitura:<\/b><br \/>72 \u00b1 2 leituras por segundo.<br \/><b>Tecnologia sem fios:<\/b><br \/>Bluetooth v1.2 (2,4-2,4835 GHz) Classe 2.<br \/><b>Alcance:<\/b><br \/>10 metros (33 p\u00e9s) em linha reta.<br \/><b>Fonte de luz:<\/b><br \/>D\u00edodo laser vis\u00edvel de 650 nm \u00b1 10 nm.<br \/><b>Largura m\u00ednima da barra:<\/b><br \/>0,127 mm (5,0 mil).<br \/><b>Capacidade de descodifica\u00e7\u00e3o:<\/b><br \/>1D, RSS-14, RSS limitado e RSS expandido.<br \/><b>Bateria:<\/b><br \/>I\u00e3o de l\u00edtio de 1100 mAh, at\u00e9 12.000 leituras ou 8 horas de funcionamento.<br \/><b>Interface:<\/b><br \/>USB.<br \/><b>Peso:<\/b><br \/>149 g (5,25 oz).<\/p>\n","protected":false},"excerpt":{"rendered":"<p>Sem fio com base USB &#8211; Tecnologia sem fio Bluetooth &#8211; Digitaliza\u00e7\u00e3o de alto desempenho &#8211; Bateria de longa dura\u00e7\u00e3o &#8211; Detec\u00e7\u00e3o autom\u00e1tica de interface [&#8230;]<\/p>\n<p><a class=\"btn btn-secondary understrap-read-more-link\" href=\"https:\/\/digalco.com\/pt-pt\/produto\/leitor-codigo-de-barras-metrologic-ms9535-recondicionado-pt-14956\/\">Continuar a ler&#8230;<span class=\"screen-reader-text\"> from Leitor c\u00f3digo de barras Metrologic MS9535 | Recondicionado<\/span><\/a><\/p>\n","protected":false},"featured_media":353151,"template":"","meta":[],"product_brand":[4067],"product_cat":[1611,1595],"product_tag":[],"class_list":{"0":"post-353157","1":"product","2":"type-product","3":"status-publish","4":"has-post-thumbnail","6":"product_brand-metrologic","7":"product_cat-pos-leitor-cod-barras-pt","8":"product_cat-pos-pt","10":"first","11":"instock","12":"taxable","13":"shipping-taxable","14":"purchasable","15":"product-type-simple"},"bundled_by":[],"bundle_stock_status":"instock","bundle_stock_quantity":2,"bundle_virtual":false,"bundle_layout":"","bundle_add_to_cart_form_location":"","bundle_editable_in_cart":false,"bundle_sold_individually_context":"","bundle_item_grouping":"","bundle_min_size":"","bundle_max_size":"","bundle_price":[],"bundled_items":[],"bundle_sell_ids":[],"exclude_global_add_ons":[],"addons":[],"df_price":90,"df_sale_price":"","df_regular_price":90,"df_image_link":"https:\/\/digalco.com\/wp-content\/uploads\/images\/product\/14956\/metr00002_01-300x225.jpg","_links":{"self":[{"href":"https:\/\/digalco.com\/pt-pt\/wp-json\/wp\/v2\/product\/353157","targetHints":{"allow":["GET"]}}],"collection":[{"href":"https:\/\/digalco.com\/pt-pt\/wp-json\/wp\/v2\/product"}],"about":[{"href":"https:\/\/digalco.com\/pt-pt\/wp-json\/wp\/v2\/types\/product"}],"wp:featuredmedia":[{"embeddable":true,"href":"https:\/\/digalco.com\/pt-pt\/wp-json\/wp\/v2\/media\/353151"}],"wp:attachment":[{"href":"https:\/\/digalco.com\/pt-pt\/wp-json\/wp\/v2\/media?parent=353157"}],"wp:term":[{"taxonomy":"product_brand","embeddable":true,"href":"https:\/\/digalco.com\/pt-pt\/wp-json\/wp\/v2\/product_brand?post=353157"},{"taxonomy":"product_cat","embeddable":true,"href":"https:\/\/digalco.com\/pt-pt\/wp-json\/wp\/v2\/product_cat?post=353157"},{"taxonomy":"product_tag","embeddable":true,"href":"https:\/\/digalco.com\/pt-pt\/wp-json\/wp\/v2\/product_tag?post=353157"}],"curies":[{"name":"wp","href":"https:\/\/api.w.org\/{rel}","templated":true}]}}