{"id":353212,"date":"2026-04-30T11:47:12","date_gmt":"2026-04-30T09:47:12","guid":{"rendered":"https:\/\/digalco.com\/tienda\/tablet-grafico-epadlink-54-64111-recondicionado-pt-14962\/"},"modified":"2026-04-30T11:47:16","modified_gmt":"2026-04-30T09:47:16","slug":"tablet-grafico-epadlink-54-64111-recondicionado-pt-14962","status":"publish","type":"product","link":"https:\/\/digalco.com\/pt-pt\/produto\/tablet-grafico-epadlink-54-64111-recondicionado-pt-14962\/","title":{"rendered":"Tablet gr\u00e1fico ePadLink 54-64111 | Recondicionado"},"content":{"rendered":"<p><b>Tecnologia LCD:<\/b><br \/>LCD monocrom\u00e1tico com painel sens\u00edvel ao toque.<br \/><b>Superf\u00edcie de assinatura eletr\u00f3nica:<\/b><br \/>76 mm x 56 mm (3,0&#8243; x 2,2&#8243;)<br \/><b>Tela protetora:<\/b><br \/>Superf\u00edcie de assinatura remov\u00edvel ou substitu\u00edvel no terreno<br \/><b>Tipo de atuador:<\/b><br \/>Caneta passiva com cabo de liga\u00e7\u00e3o. <b>Biometria:<\/b><br \/>Capta a velocidade e a press\u00e3o da assinatura.<br \/><b>Fonte de alimenta\u00e7\u00e3o:<\/b><br \/>USB 2.0<br \/><b>Sistemas operativos:<\/b><br \/>Windows Server 2016 ou posterior; Windows 10 ou posterior; Linux (32 bits); compat\u00edvel com Citrix e Servi\u00e7os de Terminal<br \/><b>Taxa de relat\u00f3rio:<\/b><br \/>100 leituras por segundo<br \/><b>Dimens\u00f5es do dispositivo:<\/b><br \/>151 mm x 151 mm x 41 mm (5,94&#8243; x 5,94&#8243; x 1,61&#8243;)<br \/><b>Peso:<\/b><br \/>0,34 kg (0,75 lb)<\/p>\n","protected":false},"excerpt":{"rendered":"<p>Visor LCD &#8211; Exibe texto de confirma\u00e7\u00e3o &#8211; Atribui um n\u00famero de identifica\u00e7\u00e3o de s\u00e9rie exclusivo ao computador host &#8211; Gera assinaturas eletr\u00f4nicas juridicamente vinculativas &#8211; Alimentado por porta USB [&#8230;]<\/p>\n<p><a class=\"btn btn-secondary understrap-read-more-link\" href=\"https:\/\/digalco.com\/pt-pt\/produto\/tablet-grafico-epadlink-54-64111-recondicionado-pt-14962\/\">Continuar a ler&#8230;<span class=\"screen-reader-text\"> from Tablet gr\u00e1fico ePadLink 54-64111 | Recondicionado<\/span><\/a><\/p>\n","protected":false},"featured_media":353206,"template":"","meta":[],"product_brand":[4068],"product_cat":[1595,1623,1627],"product_tag":[],"class_list":{"0":"post-353212","1":"product","2":"type-product","3":"status-publish","4":"has-post-thumbnail","6":"product_brand-epadlink","7":"product_cat-pos-pt","8":"product_cat-pos-signature-pt","9":"product_cat-wacom-pt","11":"first","12":"instock","13":"taxable","14":"shipping-taxable","15":"purchasable","16":"product-type-simple"},"bundled_by":[],"bundle_stock_status":"instock","bundle_stock_quantity":54,"bundle_virtual":false,"bundle_layout":"","bundle_add_to_cart_form_location":"","bundle_editable_in_cart":false,"bundle_sold_individually_context":"","bundle_item_grouping":"","bundle_min_size":"","bundle_max_size":"","bundle_price":[],"bundled_items":[],"bundle_sell_ids":[],"exclude_global_add_ons":[],"addons":[],"df_price":40,"df_sale_price":"","df_regular_price":40,"df_image_link":"https:\/\/digalco.com\/wp-content\/uploads\/images\/product\/14962\/eplnk00001_01-300x225.jpg","_links":{"self":[{"href":"https:\/\/digalco.com\/pt-pt\/wp-json\/wp\/v2\/product\/353212","targetHints":{"allow":["GET"]}}],"collection":[{"href":"https:\/\/digalco.com\/pt-pt\/wp-json\/wp\/v2\/product"}],"about":[{"href":"https:\/\/digalco.com\/pt-pt\/wp-json\/wp\/v2\/types\/product"}],"wp:featuredmedia":[{"embeddable":true,"href":"https:\/\/digalco.com\/pt-pt\/wp-json\/wp\/v2\/media\/353206"}],"wp:attachment":[{"href":"https:\/\/digalco.com\/pt-pt\/wp-json\/wp\/v2\/media?parent=353212"}],"wp:term":[{"taxonomy":"product_brand","embeddable":true,"href":"https:\/\/digalco.com\/pt-pt\/wp-json\/wp\/v2\/product_brand?post=353212"},{"taxonomy":"product_cat","embeddable":true,"href":"https:\/\/digalco.com\/pt-pt\/wp-json\/wp\/v2\/product_cat?post=353212"},{"taxonomy":"product_tag","embeddable":true,"href":"https:\/\/digalco.com\/pt-pt\/wp-json\/wp\/v2\/product_tag?post=353212"}],"curies":[{"name":"wp","href":"https:\/\/api.w.org\/{rel}","templated":true}]}}