{"id":362763,"date":"2026-05-14T09:44:13","date_gmt":"2026-05-14T07:44:13","guid":{"rendered":"https:\/\/digalco.com\/tienda\/posiflex-rt-5015-k-15-aio-recondicionado-core-i3-24ghz-8-gb-ram-128-gb-ssd-pt-15164\/"},"modified":"2026-05-14T09:44:24","modified_gmt":"2026-05-14T07:44:24","slug":"posiflex-rt-5015-k-15-aio-recondicionado-core-i3-24ghz-8-gb-ram-128-gb-ssd-pt-15164","status":"publish","type":"product","link":"https:\/\/digalco.com\/pt-pt\/produto\/posiflex-rt-5015-k-15-aio-recondicionado-core-i3-24ghz-8-gb-ram-128-gb-ssd-pt-15164\/","title":{"rendered":"POSIFLEX RT-5015-K 15&#8221; AIO | Recondicionado | Core i3 2.4GHz | 8 GB RAM | 128 GB SSD"},"content":{"rendered":"<p><strong>Processador<\/strong><br \/>Intel Core i3 7100U 2.4 GHz.<br \/><strong>Fator de forma<\/strong><br \/>AIO<br \/><strong>Mem\u00f3ria RAM<\/strong><br \/>8 Gb. SO-DDR3 RAM<br \/><strong>Disco r\u00edgido<\/strong><br \/>128 Gb. SSD<br \/><strong>Cart\u00f5es<\/strong><br \/>Placa gr\u00e1fica: Intel HD 620<br \/>Som: High Definition Audio<br \/>Network: Realtek PCIe GBe family<br \/><strong>Sistema operativo<\/strong><br \/>&#8211; Sem sistema operativo &#8211;<br \/><strong>Portos<\/strong><br \/>S\u00e9rie<br \/>4x USB 2.0<br \/>2x USB 3.0<br \/><strong>Tela<\/strong><br \/>T\u00e1til 15 &#8221; HD 4:3 \u00b7 Resolu\u00e7\u00e3o 1024&#215;768<br \/><strong>Portas de v\u00eddeo<\/strong><br \/>Mini Display Port<br \/><strong>Espec\u00edfico tela<\/strong><br \/>Fonte alimenta\u00e7\u00e3o externa<br \/>Pedestal<br \/><strong>Conectividade<\/strong><br \/>RJ-45<br \/><strong>Outros<\/strong><br \/>hR embalagens<br \/><strong>Dimens\u00f5es<\/strong><br \/>37x31x31 cm.<br \/><strong>Peso<\/strong><br \/>6.95 Kg.<br \/><strong>Especifica\u00e7\u00f5es adicionais<\/strong><br \/>O terminal POS POSIFLEX RT-5015-K \u00e9 um terminal t\u00e1til concebido especificamente para neg\u00f3cios de hotelaria e com\u00e9rcio a retalho que procuram um equipamento moderno, resistente e eficiente. O seu processador Intel Core i3 7100U a 2.4 GHz, juntamente com 8 GB de mem\u00f3ria SO-DDR3 e uma unidade SSD de 128 GB, oferece um desempenho \u00e1gil ideal para ambientes de trabalho com elevada rota\u00e7\u00e3o de opera\u00e7\u00f5es. O seu ecr\u00e3 t\u00e1til capacitivo de 15 polegadas em formato 4:3 com resolu\u00e7\u00e3o 1024&#215;768 proporciona uma experi\u00eancia de utiliza\u00e7\u00e3o c\u00f3moda e precisa, mesmo com utiliza\u00e7\u00e3o di\u00e1ria intensiva.A superf\u00edcie frontal conta com prote\u00e7\u00e3o IP65, que garante resist\u00eancia a salpicos, p\u00f3 e gordura, algo imprescind\u00edvel em bares, restaurantes, cafetarias ou lojas. A sua conectividade inclui uma porta s\u00e9rie DB9 configur\u00e1vel a 5V ou 12V e duas portas RJ50 tamb\u00e9m configur\u00e1veis, facilitando a integra\u00e7\u00e3o de impressoras, gavetas de dinheiro ou leitores de cart\u00f5es.O design elegante e sem ventoinha do POSIFLEX RT-5015-K assegura um funcionamento silencioso e uma limpeza simples, tornando-o numa excelente escolha para balc\u00f5es que combinam atendimento ao p\u00fablico e exig\u00eancia operacional.Boa apar\u00eancia exterior. Se tiver alguma d\u00favida, ligue-nos ou utilize o nosso chat para obter mais informa\u00e7\u00f5es ou solicitar mais detalhes.<br \/><strong>Coment\u00e1rios<\/strong><br \/><u>1xDB9 5V\/12V \u2013 2xRJ50 5V\/12V \u2013 Ecr\u00e3 capacitivo \u2013 IP 65 no ecr\u00e3<\/u><\/p>\n","protected":false},"excerpt":{"rendered":"<p>Intel Core i3 7100U 2.4 GHz. \u00b7 8 Gb. SO-DDR3 RAM \u00b7 128 Gb. SSD \u00b7 Sem sistema operativo \u00b7 T\u00e1til 15 &#8221; HD 4:3 \u00b7 Resolu\u00e7\u00e3o 1024&#215;768 \u00b7<br \/>\n<u>1xDB9 5V\/12V \u2013 2xRJ50 5V\/12V \u2013 Ecr\u00e3 capacitivo \u2013 IP 65 no ecr\u00e3<\/u> [&#8230;]<\/p>\n<p><a class=\"btn btn-secondary understrap-read-more-link\" href=\"https:\/\/digalco.com\/pt-pt\/produto\/posiflex-rt-5015-k-15-aio-recondicionado-core-i3-24ghz-8-gb-ram-128-gb-ssd-pt-15164\/\">Continuar a ler&#8230;<span class=\"screen-reader-text\"> from POSIFLEX RT-5015-K 15&#8221; AIO | Recondicionado | Core i3 2.4GHz | 8 GB RAM | 128 GB SSD<\/span><\/a><\/p>\n","protected":false},"featured_media":362732,"template":"","meta":[],"product_brand":[3890],"product_cat":[1595,1599],"product_tag":[],"class_list":{"0":"post-362763","1":"product","2":"type-product","3":"status-publish","4":"has-post-thumbnail","6":"product_brand-posiflex","7":"product_cat-pos-pt","8":"product_cat-pos-all-in-one-pt","10":"first","11":"instock","12":"taxable","13":"shipping-taxable","14":"purchasable","15":"product-type-simple"},"bundled_by":[],"bundle_stock_status":"instock","bundle_stock_quantity":31,"bundle_virtual":false,"bundle_layout":"","bundle_add_to_cart_form_location":"","bundle_editable_in_cart":false,"bundle_sold_individually_context":"","bundle_item_grouping":"","bundle_min_size":"","bundle_max_size":"","bundle_price":[],"bundled_items":[],"bundle_sell_ids":[],"exclude_global_add_ons":true,"addons":{"peripheral-upgrades":{"name":"Extens\u00e3o Perif\u00e9rico","type":"multiple_choice","position":0,"required":false,"title_format":"heading","default":"","description_enable":false,"description":"","placeholder_enable":false,"placeholder":"","display":"radiobutton","restrictions_type":"any_text","adjust_price":false,"price":"","price_type":"quantity_based","restrictions":false,"min":"0","max":"0","options":[{"label":"Gaveta de dinheiro autom\u00e1tica 41 cm. Ocasi\u00f3n [AMP00140]","price":"45.0000","price_type":"quantity_based","image":0,"visibility":true}]},"webcam-upgrades":{"name":"Extens\u00e3o Webcam","type":"multiple_choice","position":0,"required":false,"title_format":"heading","default":"","description_enable":false,"description":"","placeholder_enable":false,"placeholder":"","display":"radiobutton","restrictions_type":"any_text","adjust_price":false,"price":"","price_type":"quantity_based","restrictions":false,"min":"0","max":"0","options":[{"label":"Conceptronic AMDIS FullHD [AMP00085]","price":"29.0000","price_type":"quantity_based","image":0,"visibility":true}]},"ram-memory-upgrades":{"name":"Extens\u00e3o RAM","type":"multiple_choice","position":0,"required":false,"title_format":"heading","default":"","description_enable":false,"description":"","placeholder_enable":false,"placeholder":"","display":"radiobutton","restrictions_type":"any_text","adjust_price":false,"price":"","price_type":"quantity_based","restrictions":false,"min":"0","max":"0","options":[{"label":"Extens\u00e3o SODIM RAM 16 Gb DDR3 [AMP00004]","price":"50.0000","price_type":"quantity_based","image":0,"visibility":true}]},"hdd-upgrades":{"name":"Extens\u00e3o disco r\u00edgido","type":"multiple_choice","position":0,"required":false,"title_format":"heading","default":"","description_enable":false,"description":"","placeholder_enable":false,"placeholder":"","display":"radiobutton","restrictions_type":"any_text","adjust_price":false,"price":"","price_type":"quantity_based","restrictions":false,"min":"0","max":"0","options":[{"label":"Cambio a Disco SSD 240 Gb. [AMP00013]","price":"35.0000","price_type":"quantity_based","image":0,"visibility":true},{"label":"Cambio a Disco SSD 480 Gb. [AMP00014]","price":"59.0000","price_type":"quantity_based","image":0,"visibility":true},{"label":"Cambio a Disco SSD 1 Tb. [AMP00071]","price":"95.0000","price_type":"quantity_based","image":0,"visibility":true}]},"network-card-upgrades":{"name":"Extens\u00e3o WIFI","type":"multiple_choice","position":0,"required":false,"title_format":"heading","default":"","description_enable":false,"description":"","placeholder_enable":false,"placeholder":"","display":"radiobutton","restrictions_type":"any_text","adjust_price":false,"price":"","price_type":"quantity_based","restrictions":false,"min":"0","max":"0","options":[{"label":"Ampliaci\u00f3n a Wireless nano USB [AMP00018]","price":"15.0000","price_type":"quantity_based","image":0,"visibility":true}]},"keyboard-upgrades":{"name":"Extens\u00e3o teclado","type":"multiple_choice","position":0,"required":false,"title_format":"heading","default":"","description_enable":false,"description":"","placeholder_enable":false,"placeholder":"","display":"radiobutton","restrictions_type":"any_text","adjust_price":false,"price":"","price_type":"quantity_based","restrictions":false,"min":"0","max":"0","options":[{"label":"Teclado e Mouse [AMP00020]","price":"8.0000","price_type":"quantity_based","image":0,"visibility":true},{"label":"Teclado e Mouse Portugu\u00e9s Nuevo [AMP00088]","price":"15.0000","price_type":"quantity_based","image":0,"visibility":true},{"label":"Teclado e mouse USB em espanhol (Novo) [AMP00068]","price":"12.0000","price_type":"quantity_based","image":0,"visibility":true}]}},"df_price":309,"df_sale_price":"","df_regular_price":309,"df_image_link":"https:\/\/digalco.com\/wp-content\/uploads\/images\/product\/15164\/psf00031_01-300x225.jpg","_links":{"self":[{"href":"https:\/\/digalco.com\/pt-pt\/wp-json\/wp\/v2\/product\/362763","targetHints":{"allow":["GET"]}}],"collection":[{"href":"https:\/\/digalco.com\/pt-pt\/wp-json\/wp\/v2\/product"}],"about":[{"href":"https:\/\/digalco.com\/pt-pt\/wp-json\/wp\/v2\/types\/product"}],"wp:featuredmedia":[{"embeddable":true,"href":"https:\/\/digalco.com\/pt-pt\/wp-json\/wp\/v2\/media\/362732"}],"wp:attachment":[{"href":"https:\/\/digalco.com\/pt-pt\/wp-json\/wp\/v2\/media?parent=362763"}],"wp:term":[{"taxonomy":"product_brand","embeddable":true,"href":"https:\/\/digalco.com\/pt-pt\/wp-json\/wp\/v2\/product_brand?post=362763"},{"taxonomy":"product_cat","embeddable":true,"href":"https:\/\/digalco.com\/pt-pt\/wp-json\/wp\/v2\/product_cat?post=362763"},{"taxonomy":"product_tag","embeddable":true,"href":"https:\/\/digalco.com\/pt-pt\/wp-json\/wp\/v2\/product_tag?post=362763"}],"curies":[{"name":"wp","href":"https:\/\/api.w.org\/{rel}","templated":true}]}}